{"id":3800,"date":"2020-07-27T16:57:51","date_gmt":"2020-07-27T14:57:51","guid":{"rendered":"https:\/\/seedsoftellers.eu\/contos-para-ver\/"},"modified":"2021-06-14T11:40:39","modified_gmt":"2021-06-14T09:40:39","slug":"contos-para-ver","status":"publish","type":"page","link":"https:\/\/seedsoftellers.eu\/pt-pt\/contos-para-ver\/","title":{"rendered":"Contos para ver"},"content":{"rendered":"<p>[et_pb_section fb_built=&#8221;1&#8243; admin_label=&#8221;Courses Hero&#8221; _builder_version=&#8221;4.5.1&#8243; background_color=&#8221;#cf90c6&#8243; background_enable_image=&#8221;off&#8221; background_blend=&#8221;overlay&#8221; custom_padding=&#8221;50px|0px|50px|0px|false|false&#8221; animation_direction=&#8221;top&#8221; locked=&#8221;off&#8221;][et_pb_row _builder_version=&#8221;3.25&#8243; background_size=&#8221;initial&#8221; background_position=&#8221;top_left&#8221; background_repeat=&#8221;repeat&#8221; custom_margin=&#8221;|||&#8221; custom_width_px=&#8221;1280px&#8221;][et_pb_column type=&#8221;4_4&#8243; _builder_version=&#8221;3.25&#8243; custom_padding=&#8221;|||&#8221; custom_padding__hover=&#8221;|||&#8221;][et_pb_text _builder_version=&#8221;4.5.1&#8243; text_font=&#8221;||||||||&#8221; header_font=&#8221;Nunito|700|||||||&#8221; header_font_size=&#8221;42px&#8221; background_size=&#8221;initial&#8221; background_position=&#8221;top_left&#8221; background_repeat=&#8221;repeat&#8221; text_orientation=&#8221;center&#8221; background_layout=&#8221;dark&#8221; max_width=&#8221;530px&#8221; module_alignment=&#8221;center&#8221; custom_padding=&#8221;|||&#8221; header_font_size_tablet=&#8221;&#8221; header_font_size_phone=&#8221;&#8221; header_font_size_last_edited=&#8221;on|desktop&#8221; locked=&#8221;off&#8221;]<\/p>\n<h1><span style=\"font-family: inherit;\">Contos para ver<\/span><\/h1>\n<p>[\/et_pb_text][\/et_pb_column][\/et_pb_row][\/et_pb_section][et_pb_section fb_built=&#8221;1&#8243; module_id=&#8221;catalog&#8221; _builder_version=&#8221;4.7.2&#8243; background_color=&#8221;rgba(207,144,198,0.05)&#8221; custom_padding=&#8221;||90px|||&#8221;][et_pb_row use_custom_gutter=&#8221;on&#8221; gutter_width=&#8221;2&#8243; _builder_version=&#8221;4.9.4&#8243; background_color=&#8221;#ffffff&#8221; z_index=&#8221;10&#8243; custom_margin=&#8221;-80px||0px||false|false&#8221; custom_padding=&#8221;|20px|0px|20px|false|true&#8221; hover_enabled=&#8221;0&#8243; border_color_bottom=&#8221;#ffde17&#8243; sticky_enabled=&#8221;0&#8243; locked=&#8221;off&#8221;][et_pb_column type=&#8221;4_4&#8243; _builder_version=&#8221;4.4.2&#8243; hover_enabled=&#8221;0&#8243; sticky_enabled=&#8221;0&#8243;][et_pb_text _builder_version=&#8221;4.9.4&#8243; hover_enabled=&#8221;0&#8243; sticky_enabled=&#8221;0&#8243; text_font_size=&#8221;22px&#8221; custom_padding=&#8221;0px|20px||20px|false|false&#8221;]<\/p>\n<p>Uma imagem vale mais que mil palavras. Observa estes aspirantes a contadores de hist\u00f3ria ou para os profissionais. Contar hist\u00f3rias n\u00e3o \u00e9 dif\u00edcil: s\u00f3 tens de acreditar na tua hist\u00f3ria!<\/p>\n<p>[\/et_pb_text][\/et_pb_column][\/et_pb_row][et_pb_row _builder_version=&#8221;4.9.4&#8243; background_color=&#8221;#ffffff&#8221; custom_padding=&#8221;0px|0px|0px||false|false&#8221; hover_enabled=&#8221;0&#8243; sticky_enabled=&#8221;0&#8243; height=&#8221;2px&#8221; locked=&#8221;off&#8221;][et_pb_column type=&#8221;4_4&#8243; _builder_version=&#8221;4.4.2&#8243;][et_pb_divider color=&#8221;#ffde17&#8243; divider_weight=&#8221;2px&#8221; _builder_version=&#8221;4.4.2&#8243; background_color=&#8221;#ffffff&#8221; module_alignment=&#8221;center&#8221; min_height=&#8221;2px&#8221; custom_padding=&#8221;|20px||20px|false|true&#8221; hover_enabled=&#8221;0&#8243;][\/et_pb_divider][\/et_pb_column][\/et_pb_row][et_pb_row column_structure=&#8221;1_4,1_4,1_4,1_4&#8243; use_custom_gutter=&#8221;on&#8221; gutter_width=&#8221;2&#8243; module_class=&#8221;video_facets_filters&#8221; _builder_version=&#8221;4.9.4&#8243; background_color=&#8221;#ffffff&#8221; z_index=&#8221;10&#8243; custom_margin=&#8221;0px||||false|false&#8221; custom_padding=&#8221;20px|20px|20px|20px|true|true&#8221; hover_enabled=&#8221;0&#8243; border_color_bottom=&#8221;#ffde17&#8243; sticky_enabled=&#8221;0&#8243;][et_pb_column type=&#8221;1_4&#8243; _builder_version=&#8221;4.4.2&#8243;][et_pb_text _builder_version=&#8221;4.4.2&#8243;]<\/p>\n<div class=\"facetwp-facet facetwp-facet-tale_difficulty_pt facetwp-type-fselect\" data-name=\"tale_difficulty_pt\" data-type=\"fselect\"><\/div>\n<p>[\/et_pb_text][\/et_pb_column][et_pb_column type=&#8221;1_4&#8243; _builder_version=&#8221;4.4.2&#8243;][et_pb_text _builder_version=&#8221;4.4.2&#8243;]<\/p>\n<div class=\"facetwp-facet facetwp-facet-tale_origin_pt facetwp-type-fselect\" data-name=\"tale_origin_pt\" data-type=\"fselect\"><\/div>\n<p>[\/et_pb_text][\/et_pb_column][et_pb_column type=&#8221;1_4&#8243; _builder_version=&#8221;4.4.2&#8243;][et_pb_text _builder_version=&#8221;4.4.2&#8243;]<\/p>\n<div class=\"facetwp-facet facetwp-facet-tale_theme_pt facetwp-type-fselect\" data-name=\"tale_theme_pt\" data-type=\"fselect\"><\/div>\n<p>[\/et_pb_text][\/et_pb_column][et_pb_column type=&#8221;1_4&#8243; _builder_version=&#8221;4.4.2&#8243;][et_pb_text _builder_version=&#8221;4.4.2&#8243;]<\/p>\n<div class=\"facetwp-facet facetwp-facet-tale_genre_pt facetwp-type-fselect\" data-name=\"tale_genre_pt\" data-type=\"fselect\"><\/div>\n<p>[\/et_pb_text][\/et_pb_column][\/et_pb_row][et_pb_row _builder_version=&#8221;4.4.2&#8243; background_color=&#8221;#ffffff&#8221; custom_padding=&#8221;10px|0px|10px||false|false&#8221;][et_pb_column type=&#8221;4_4&#8243; _builder_version=&#8221;4.4.2&#8243;][et_pb_divider color=&#8221;#ffde17&#8243; divider_weight=&#8221;2px&#8221; _builder_version=&#8221;4.4.2&#8243; background_color=&#8221;#ffffff&#8221; module_alignment=&#8221;center&#8221; min_height=&#8221;2px&#8221; custom_padding=&#8221;|20px||20px|false|true&#8221;][\/et_pb_divider][\/et_pb_column][\/et_pb_row][et_pb_row _builder_version=&#8221;4.4.2&#8243; background_color=&#8221;#ffffff&#8221; custom_margin=&#8221;auto||||false|false&#8221; custom_padding=&#8221;0px|20px|50px|20px|false|true&#8221; locked=&#8221;off&#8221;][et_pb_column type=&#8221;4_4&#8243; _builder_version=&#8221;4.4.2&#8243; custom_padding=&#8221;|0px|||false|false&#8221;][et_pb_text _builder_version=&#8221;4.7.2&#8243; custom_padding=&#8221;||||false|false&#8221;]<\/p>\n<div class=\"facetwp-template\" data-name=\"video_tales_results_pt\"><div class=\"fwpl-layout el-6x8xc\"><div class=\"fwpl-result\"><div class=\"fwpl-row el-ztmpto\"><div class=\"fwpl-col el-6rjmi dc-centrer-verticalement\"><div class=\"fwpl-item el-v410j\"><img decoding=\"async\" class=\"video-icon\" src=\"https:\/\/seedsoftellers.eu\/wp-content\/uploads\/2020\/01\/video_icon.png\" alt=\"video tale icon\" style=\"max-width: 80%;\" \/><\/div><\/div><div class=\"fwpl-col el-p4ecj dc-centrer-verticalement\"><div class=\"fwpl-item el-rh9yvr\"><a href=\"https:\/\/seedsoftellers.eu\/pt-pt\/resources\/%f0%9f%93%b9-o-meu-chapeu-tem-3-bicos\/\">\ud83d\udcf9 O meu chap\u00e9u tem 3 bicos<\/a><\/div><div class=\"fwpl-item el-cohe9k\">Oleksander Lubchuk - (8 anos)<\/div><div class=\"fwpl-item el-7l970m\">Aluno<\/div><\/div><\/div><\/div><div class=\"fwpl-result\"><div class=\"fwpl-row el-ztmpto\"><div class=\"fwpl-col el-6rjmi dc-centrer-verticalement\"><div class=\"fwpl-item el-v410j\"><img decoding=\"async\" class=\"video-icon\" src=\"https:\/\/seedsoftellers.eu\/wp-content\/uploads\/2020\/01\/video_icon.png\" alt=\"video tale icon\" style=\"max-width: 80%;\" \/><\/div><\/div><div class=\"fwpl-col el-p4ecj dc-centrer-verticalement\"><div class=\"fwpl-item el-rh9yvr\"><a href=\"https:\/\/seedsoftellers.eu\/pt-pt\/resources\/%f0%9f%93%b9-as-pombinhas-da-catrina\/\">\ud83d\udcf9 As pombinhas da Catrina<\/a><\/div><div class=\"fwpl-item el-cohe9k\">Marta Rodrigues - (8 anos)<\/div><div class=\"fwpl-item el-7l970m\">Aluno<\/div><\/div><\/div><\/div><div class=\"fwpl-result\"><div class=\"fwpl-row el-ztmpto\"><div class=\"fwpl-col el-6rjmi dc-centrer-verticalement\"><div class=\"fwpl-item el-v410j\"><img decoding=\"async\" class=\"video-icon\" src=\"https:\/\/seedsoftellers.eu\/wp-content\/uploads\/2020\/01\/video_icon.png\" alt=\"video tale icon\" style=\"max-width: 80%;\" \/><\/div><\/div><div class=\"fwpl-col el-p4ecj dc-centrer-verticalement\"><div class=\"fwpl-item el-rh9yvr\"><a href=\"https:\/\/seedsoftellers.eu\/pt-pt\/resources\/%f0%9f%93%b9-os-meses-do-ano\/\">\ud83d\udcf9 Os meses do Ano<\/a><\/div><div class=\"fwpl-item el-cohe9k\">Jaime Peres - ( 8anos)<\/div><div class=\"fwpl-item el-7l970m\">Aluno<\/div><\/div><\/div><\/div><div class=\"fwpl-result\"><div class=\"fwpl-row el-ztmpto\"><div class=\"fwpl-col el-6rjmi dc-centrer-verticalement\"><div class=\"fwpl-item el-v410j\"><img decoding=\"async\" class=\"video-icon\" src=\"https:\/\/seedsoftellers.eu\/wp-content\/uploads\/2020\/01\/video_icon.png\" alt=\"video tale icon\" style=\"max-width: 80%;\" \/><\/div><\/div><div class=\"fwpl-col el-p4ecj dc-centrer-verticalement\"><div class=\"fwpl-item el-rh9yvr\"><a href=\"https:\/\/seedsoftellers.eu\/pt-pt\/resources\/%f0%9f%93%b9-corre-corre-cabacinha\/\">\ud83d\udcf9 Corre, corre, cabacinha<\/a><\/div><div class=\"fwpl-item el-cohe9k\">Rita Gomes - (9 anos)<\/div><div class=\"fwpl-item el-7l970m\">Aluno<\/div><\/div><\/div><\/div><div class=\"fwpl-result\"><div class=\"fwpl-row el-ztmpto\"><div class=\"fwpl-col el-6rjmi dc-centrer-verticalement\"><div class=\"fwpl-item el-v410j\"><img decoding=\"async\" class=\"video-icon\" src=\"https:\/\/seedsoftellers.eu\/wp-content\/uploads\/2020\/01\/video_icon.png\" alt=\"video tale icon\" style=\"max-width: 80%;\" \/><\/div><\/div><div class=\"fwpl-col el-p4ecj dc-centrer-verticalement\"><div class=\"fwpl-item el-rh9yvr\"><a href=\"https:\/\/seedsoftellers.eu\/pt-pt\/resources\/%f0%9f%93%b9-a-lenda-da-lagoa-das-sete-cidades\/\">\ud83d\udcf9 A lenda da Lagoa das Sete Cidades<\/a><\/div><div class=\"fwpl-item el-cohe9k\">Catarina Pereira - (9 anos)<\/div><div class=\"fwpl-item el-7l970m\">Aluno<\/div><\/div><\/div><\/div><\/div>\n<style>\n.fwpl-layout {\n    display: grid;\n    grid-template-columns: 1fr 1fr 1fr;\n    grid-gap: 25px;\n}\n.fwpl-result {\n    border-style: solid;\n    border-color: #cf90c6;\n    border-width: 2px;\n    padding: 10px;\n    color: #15253f;\n}\n.fwpl-row {\n    display: grid;\n}\n.fwpl-row.el-ztmpto {\n    grid-template-columns: 31.0% 1fr;\n}\n.fwpl-item.el-rh9yvr {\n    text-align: left;\n    color: #15263f;\n}\n.fwpl-item.el-cohe9k {\n    color: #15263f;\n}\n.fwpl-item.el-7l970m {\n    color: #15263f;\n}\n\n@media (max-width: 480px) {\n    .fwpl-layout {\n        grid-template-columns: 1fr;\n    }\n}\n<\/style>\n<\/div>\n<p>[\/et_pb_text][et_pb_code disabled_on=&#8221;on|on|on&#8221; _builder_version=&#8221;4.7.2&#8243; text_orientation=&#8221;center&#8221; disabled=&#8221;on&#8221;]<div class=\"facetwp-pager\"><\/div>[\/et_pb_code][\/et_pb_column][\/et_pb_row][\/et_pb_section]<\/p>\n","protected":false},"excerpt":{"rendered":"<p>Contos para verUma imagem vale mais que mil palavras. Observa estes aspirantes a contadores de hist\u00f3ria ou para os profissionais. Contar hist\u00f3rias n\u00e3o \u00e9 dif\u00edcil: s\u00f3 tens de acreditar na tua hist\u00f3ria!<div class=\"facetwp-facet facetwp-facet-tale_difficulty_pt facetwp-type-fselect\" data-name=\"tale_difficulty_pt\" data-type=\"fselect\"><\/div><div class=\"facetwp-facet facetwp-facet-tale_origin_pt facetwp-type-fselect\" data-name=\"tale_origin_pt\" data-type=\"fselect\"><\/div><div class=\"facetwp-facet facetwp-facet-tale_theme_pt facetwp-type-fselect\" data-name=\"tale_theme_pt\" data-type=\"fselect\"><\/div><div class=\"facetwp-facet facetwp-facet-tale_genre_pt facetwp-type-fselect\" data-name=\"tale_genre_pt\" data-type=\"fselect\"><\/div><div class=\"facetwp-template\" data-name=\"video_tales_results_pt\"><div class=\"fwpl-layout el-6x8xc\"><div class=\"fwpl-result\"><div class=\"fwpl-row el-ztmpto\"><div class=\"fwpl-col el-6rjmi dc-centrer-verticalement\"><div class=\"fwpl-item el-v410j\"><img decoding=\"async\" class=\"video-icon\" src=\"https:\/\/seedsoftellers.eu\/wp-content\/uploads\/2020\/01\/video_icon.png\" alt=\"video tale icon\" style=\"max-width: 80%;\" \/><\/div><\/div><div class=\"fwpl-col el-p4ecj dc-centrer-verticalement\"><div class=\"fwpl-item el-rh9yvr\"><a href=\"https:\/\/seedsoftellers.eu\/pt-pt\/resources\/%f0%9f%93%b9-o-meu-chapeu-tem-3-bicos\/\">\ud83d\udcf9 O meu chap\u00e9u tem 3 bicos<\/a><\/div><div class=\"fwpl-item el-cohe9k\">Oleksander Lubchuk - (8 anos)<\/div><div class=\"fwpl-item el-7l970m\">Aluno<\/div><\/div><\/div><\/div><div class=\"fwpl-result\"><div class=\"fwpl-row el-ztmpto\"><div class=\"fwpl-col el-6rjmi dc-centrer-verticalement\"><div class=\"fwpl-item el-v410j\"><img decoding=\"async\" class=\"video-icon\" src=\"https:\/\/seedsoftellers.eu\/wp-content\/uploads\/2020\/01\/video_icon.png\" alt=\"video tale icon\" style=\"max-width: 80%;\" \/><\/div><\/div><div class=\"fwpl-col el-p4ecj dc-centrer-verticalement\"><div class=\"fwpl-item el-rh9yvr\"><a href=\"https:\/\/seedsoftellers.eu\/pt-pt\/resources\/%f0%9f%93%b9-as-pombinhas-da-catrina\/\">\ud83d\udcf9 As pombinhas da Catrina<\/a><\/div><div class=\"fwpl-item el-cohe9k\">Marta Rodrigues - (8 anos)<\/div><div class=\"fwpl-item el-7l970m\">Aluno<\/div><\/div><\/div><\/div><div class=\"fwpl-result\"><div class=\"fwpl-row el-ztmpto\"><div class=\"fwpl-col el-6rjmi dc-centrer-verticalement\"><div class=\"fwpl-item el-v410j\"><img decoding=\"async\" class=\"video-icon\" src=\"https:\/\/seedsoftellers.eu\/wp-content\/uploads\/2020\/01\/video_icon.png\" alt=\"video tale icon\" style=\"max-width: 80%;\" \/><\/div><\/div><div class=\"fwpl-col el-p4ecj dc-centrer-verticalement\"><div class=\"fwpl-item el-rh9yvr\"><a href=\"https:\/\/seedsoftellers.eu\/pt-pt\/resources\/%f0%9f%93%b9-os-meses-do-ano\/\">\ud83d\udcf9 Os meses do Ano<\/a><\/div><div class=\"fwpl-item el-cohe9k\">Jaime Peres - ( 8anos)<\/div><div class=\"fwpl-item el-7l970m\">Aluno<\/div><\/div><\/div><\/div><div class=\"fwpl-result\"><div class=\"fwpl-row el-ztmpto\"><div class=\"fwpl-col el-6rjmi dc-centrer-verticalement\"><div class=\"fwpl-item el-v410j\"><img decoding=\"async\" class=\"video-icon\" src=\"https:\/\/seedsoftellers.eu\/wp-content\/uploads\/2020\/01\/video_icon.png\" alt=\"video tale icon\" style=\"max-width: 80%;\" \/><\/div><\/div><div class=\"fwpl-col el-p4ecj dc-centrer-verticalement\"><div class=\"fwpl-item el-rh9yvr\"><a href=\"https:\/\/seedsoftellers.eu\/pt-pt\/resources\/%f0%9f%93%b9-corre-corre-cabacinha\/\">\ud83d\udcf9 Corre, corre, cabacinha<\/a><\/div><div class=\"fwpl-item el-cohe9k\">Rita Gomes - (9 anos)<\/div><div class=\"fwpl-item el-7l970m\">Aluno<\/div><\/div><\/div><\/div><div class=\"fwpl-result\"><div class=\"fwpl-row el-ztmpto\"><div class=\"fwpl-col el-6rjmi dc-centrer-verticalement\"><div class=\"fwpl-item el-v410j\"><img decoding=\"async\" class=\"video-icon\" src=\"https:\/\/seedsoftellers.eu\/wp-content\/uploads\/2020\/01\/video_icon.png\" alt=\"video tale icon\" style=\"max-width: 80%;\" \/><\/div><\/div><div class=\"fwpl-col el-p4ecj dc-centrer-verticalement\"><div class=\"fwpl-item el-rh9yvr\"><a href=\"https:\/\/seedsoftellers.eu\/pt-pt\/resources\/%f0%9f%93%b9-a-lenda-da-lagoa-das-sete-cidades\/\">\ud83d\udcf9 A lenda da Lagoa das Sete Cidades<\/a><\/div><div class=\"fwpl-item el-cohe9k\">Catarina Pereira - (9 anos)<\/div><div class=\"fwpl-item el-7l970m\">Aluno<\/div><\/div><\/div><\/div><\/div>\n<style>\n.fwpl-layout {\n    display: grid;\n    grid-template-columns: 1fr 1fr 1fr;\n    grid-gap: 25px;\n}\n.fwpl-result {\n    border-style: solid;\n    border-color: #cf90c6;\n    border-width: 2px;\n    padding: 10px;\n    color: #15253f;\n}\n.fwpl-row {\n    display: grid;\n}\n.fwpl-row.el-ztmpto {\n    grid-template-columns: 31.0% 1fr;\n}\n.fwpl-item.el-rh9yvr {\n    text-align: left;\n    color: #15263f;\n}\n.fwpl-item.el-cohe9k {\n    color: #15263f;\n}\n.fwpl-item.el-7l970m {\n    color: #15263f;\n}\n\n@media (max-width: 480px) {\n    .fwpl-layout {\n        grid-template-columns: 1fr;\n    }\n}\n<\/style>\n<\/div><div class=\"facetwp-pager\"><\/div><\/p>\n","protected":false},"author":1,"featured_media":0,"parent":0,"menu_order":0,"comment_status":"closed","ping_status":"closed","template":"","meta":{"_acf_changed":false,"_et_pb_use_builder":"on","_et_pb_old_content":"","_et_gb_content_width":"","inline_featured_image":false,"footnotes":""},"class_list":["post-3800","page","type-page","status-publish","hentry"],"acf":[],"yoast_head":"<!-- This site is optimized with the Yoast SEO plugin v27.3 - https:\/\/yoast.com\/product\/yoast-seo-wordpress\/ -->\n<title>Contos para ver - Seeds Of Tellers<\/title>\n<meta name=\"robots\" content=\"index, follow, max-snippet:-1, max-image-preview:large, max-video-preview:-1\" \/>\n<link rel=\"canonical\" href=\"https:\/\/seedsoftellers.eu\/pt-pt\/contos-para-ver\/\" \/>\n<meta property=\"og:locale\" content=\"pt_PT\" \/>\n<meta property=\"og:type\" content=\"article\" \/>\n<meta property=\"og:title\" content=\"Contos para ver - Seeds Of Tellers\" \/>\n<meta property=\"og:description\" content=\"Contos para verUma imagem vale mais que mil palavras. Observa estes aspirantes a contadores de hist\u00f3ria ou para os profissionais. Contar hist\u00f3rias n\u00e3o \u00e9 dif\u00edcil: s\u00f3 tens de acreditar na tua hist\u00f3ria!\" \/>\n<meta property=\"og:url\" content=\"https:\/\/seedsoftellers.eu\/pt-pt\/contos-para-ver\/\" \/>\n<meta property=\"og:site_name\" content=\"Seeds Of Tellers\" \/>\n<meta property=\"article:publisher\" content=\"https:\/\/www.facebook.com\/seedsoftellers.eu\/\" \/>\n<meta property=\"article:modified_time\" content=\"2021-06-14T09:40:39+00:00\" \/>\n<meta name=\"twitter:card\" content=\"summary_large_image\" \/>\n<script type=\"application\/ld+json\" class=\"yoast-schema-graph\">{\"@context\":\"https:\\\/\\\/schema.org\",\"@graph\":[{\"@type\":\"WebPage\",\"@id\":\"https:\\\/\\\/seedsoftellers.eu\\\/pt-pt\\\/contos-para-ver\\\/\",\"url\":\"https:\\\/\\\/seedsoftellers.eu\\\/pt-pt\\\/contos-para-ver\\\/\",\"name\":\"Contos para ver - Seeds Of Tellers\",\"isPartOf\":{\"@id\":\"https:\\\/\\\/seedsoftellers.eu\\\/pt-pt\\\/#website\"},\"datePublished\":\"2020-07-27T14:57:51+00:00\",\"dateModified\":\"2021-06-14T09:40:39+00:00\",\"breadcrumb\":{\"@id\":\"https:\\\/\\\/seedsoftellers.eu\\\/pt-pt\\\/contos-para-ver\\\/#breadcrumb\"},\"inLanguage\":\"pt-PT\",\"potentialAction\":[{\"@type\":\"ReadAction\",\"target\":[\"https:\\\/\\\/seedsoftellers.eu\\\/pt-pt\\\/contos-para-ver\\\/\"]}]},{\"@type\":\"BreadcrumbList\",\"@id\":\"https:\\\/\\\/seedsoftellers.eu\\\/pt-pt\\\/contos-para-ver\\\/#breadcrumb\",\"itemListElement\":[{\"@type\":\"ListItem\",\"position\":1,\"name\":\"Home\",\"item\":\"https:\\\/\\\/seedsoftellers.eu\\\/pt-pt\\\/\"},{\"@type\":\"ListItem\",\"position\":2,\"name\":\"Contos para ver\"}]},{\"@type\":\"WebSite\",\"@id\":\"https:\\\/\\\/seedsoftellers.eu\\\/pt-pt\\\/#website\",\"url\":\"https:\\\/\\\/seedsoftellers.eu\\\/pt-pt\\\/\",\"name\":\"Seeds Of Tellers\",\"description\":\"Storytelling for a better oracy\",\"publisher\":{\"@id\":\"https:\\\/\\\/seedsoftellers.eu\\\/pt-pt\\\/#organization\"},\"potentialAction\":[{\"@type\":\"SearchAction\",\"target\":{\"@type\":\"EntryPoint\",\"urlTemplate\":\"https:\\\/\\\/seedsoftellers.eu\\\/pt-pt\\\/?s={search_term_string}\"},\"query-input\":{\"@type\":\"PropertyValueSpecification\",\"valueRequired\":true,\"valueName\":\"search_term_string\"}}],\"inLanguage\":\"pt-PT\"},{\"@type\":\"Organization\",\"@id\":\"https:\\\/\\\/seedsoftellers.eu\\\/pt-pt\\\/#organization\",\"name\":\"Seeds of Tellers\",\"url\":\"https:\\\/\\\/seedsoftellers.eu\\\/pt-pt\\\/\",\"logo\":{\"@type\":\"ImageObject\",\"inLanguage\":\"pt-PT\",\"@id\":\"https:\\\/\\\/seedsoftellers.eu\\\/pt-pt\\\/#\\\/schema\\\/logo\\\/image\\\/\",\"url\":\"https:\\\/\\\/seedsoftellers.eu\\\/wp-content\\\/uploads\\\/2020\\\/03\\\/logo_seedsoftellers-1.png\",\"contentUrl\":\"https:\\\/\\\/seedsoftellers.eu\\\/wp-content\\\/uploads\\\/2020\\\/03\\\/logo_seedsoftellers-1.png\",\"width\":1400,\"height\":584,\"caption\":\"Seeds of Tellers\"},\"image\":{\"@id\":\"https:\\\/\\\/seedsoftellers.eu\\\/pt-pt\\\/#\\\/schema\\\/logo\\\/image\\\/\"},\"sameAs\":[\"https:\\\/\\\/www.facebook.com\\\/seedsoftellers.eu\\\/\"]}]}<\/script>\n<!-- \/ Yoast SEO plugin. -->","yoast_head_json":{"title":"Contos para ver - Seeds Of Tellers","robots":{"index":"index","follow":"follow","max-snippet":"max-snippet:-1","max-image-preview":"max-image-preview:large","max-video-preview":"max-video-preview:-1"},"canonical":"https:\/\/seedsoftellers.eu\/pt-pt\/contos-para-ver\/","og_locale":"pt_PT","og_type":"article","og_title":"Contos para ver - Seeds Of Tellers","og_description":"Contos para verUma imagem vale mais que mil palavras. Observa estes aspirantes a contadores de hist\u00f3ria ou para os profissionais. Contar hist\u00f3rias n\u00e3o \u00e9 dif\u00edcil: s\u00f3 tens de acreditar na tua hist\u00f3ria!","og_url":"https:\/\/seedsoftellers.eu\/pt-pt\/contos-para-ver\/","og_site_name":"Seeds Of Tellers","article_publisher":"https:\/\/www.facebook.com\/seedsoftellers.eu\/","article_modified_time":"2021-06-14T09:40:39+00:00","twitter_card":"summary_large_image","schema":{"@context":"https:\/\/schema.org","@graph":[{"@type":"WebPage","@id":"https:\/\/seedsoftellers.eu\/pt-pt\/contos-para-ver\/","url":"https:\/\/seedsoftellers.eu\/pt-pt\/contos-para-ver\/","name":"Contos para ver - Seeds Of Tellers","isPartOf":{"@id":"https:\/\/seedsoftellers.eu\/pt-pt\/#website"},"datePublished":"2020-07-27T14:57:51+00:00","dateModified":"2021-06-14T09:40:39+00:00","breadcrumb":{"@id":"https:\/\/seedsoftellers.eu\/pt-pt\/contos-para-ver\/#breadcrumb"},"inLanguage":"pt-PT","potentialAction":[{"@type":"ReadAction","target":["https:\/\/seedsoftellers.eu\/pt-pt\/contos-para-ver\/"]}]},{"@type":"BreadcrumbList","@id":"https:\/\/seedsoftellers.eu\/pt-pt\/contos-para-ver\/#breadcrumb","itemListElement":[{"@type":"ListItem","position":1,"name":"Home","item":"https:\/\/seedsoftellers.eu\/pt-pt\/"},{"@type":"ListItem","position":2,"name":"Contos para ver"}]},{"@type":"WebSite","@id":"https:\/\/seedsoftellers.eu\/pt-pt\/#website","url":"https:\/\/seedsoftellers.eu\/pt-pt\/","name":"Seeds Of Tellers","description":"Storytelling for a better oracy","publisher":{"@id":"https:\/\/seedsoftellers.eu\/pt-pt\/#organization"},"potentialAction":[{"@type":"SearchAction","target":{"@type":"EntryPoint","urlTemplate":"https:\/\/seedsoftellers.eu\/pt-pt\/?s={search_term_string}"},"query-input":{"@type":"PropertyValueSpecification","valueRequired":true,"valueName":"search_term_string"}}],"inLanguage":"pt-PT"},{"@type":"Organization","@id":"https:\/\/seedsoftellers.eu\/pt-pt\/#organization","name":"Seeds of Tellers","url":"https:\/\/seedsoftellers.eu\/pt-pt\/","logo":{"@type":"ImageObject","inLanguage":"pt-PT","@id":"https:\/\/seedsoftellers.eu\/pt-pt\/#\/schema\/logo\/image\/","url":"https:\/\/seedsoftellers.eu\/wp-content\/uploads\/2020\/03\/logo_seedsoftellers-1.png","contentUrl":"https:\/\/seedsoftellers.eu\/wp-content\/uploads\/2020\/03\/logo_seedsoftellers-1.png","width":1400,"height":584,"caption":"Seeds of Tellers"},"image":{"@id":"https:\/\/seedsoftellers.eu\/pt-pt\/#\/schema\/logo\/image\/"},"sameAs":["https:\/\/www.facebook.com\/seedsoftellers.eu\/"]}]}},"_links":{"self":[{"href":"https:\/\/seedsoftellers.eu\/pt-pt\/wp-json\/wp\/v2\/pages\/3800","targetHints":{"allow":["GET"]}}],"collection":[{"href":"https:\/\/seedsoftellers.eu\/pt-pt\/wp-json\/wp\/v2\/pages"}],"about":[{"href":"https:\/\/seedsoftellers.eu\/pt-pt\/wp-json\/wp\/v2\/types\/page"}],"author":[{"embeddable":true,"href":"https:\/\/seedsoftellers.eu\/pt-pt\/wp-json\/wp\/v2\/users\/1"}],"replies":[{"embeddable":true,"href":"https:\/\/seedsoftellers.eu\/pt-pt\/wp-json\/wp\/v2\/comments?post=3800"}],"version-history":[{"count":8,"href":"https:\/\/seedsoftellers.eu\/pt-pt\/wp-json\/wp\/v2\/pages\/3800\/revisions"}],"predecessor-version":[{"id":11513,"href":"https:\/\/seedsoftellers.eu\/pt-pt\/wp-json\/wp\/v2\/pages\/3800\/revisions\/11513"}],"wp:attachment":[{"href":"https:\/\/seedsoftellers.eu\/pt-pt\/wp-json\/wp\/v2\/media?parent=3800"}],"curies":[{"name":"wp","href":"https:\/\/api.w.org\/{rel}","templated":true}]}}