{"id":1338,"date":"2020-03-03T16:49:31","date_gmt":"2020-03-03T15:49:31","guid":{"rendered":"https:\/\/seedsoftellers.eu\/impressionum\/"},"modified":"2021-03-01T10:35:58","modified_gmt":"2021-03-01T09:35:58","slug":"impressionum","status":"publish","type":"page","link":"https:\/\/seedsoftellers.eu\/pt-pt\/impressionum\/","title":{"rendered":"Men\u00e7\u00f5es Legais"},"content":{"rendered":"<p>[et_pb_section fb_built=&#8221;1&#8243; _builder_version=&#8221;4.0.9&#8243;][et_pb_row column_structure=&#8221;2_3,1_3&#8243; _builder_version=&#8221;4.0.9&#8243;][et_pb_column type=&#8221;2_3&#8243; _builder_version=&#8221;4.0.9&#8243;][et_pb_text _builder_version=&#8221;4.0.9&#8243; text_font=&#8221;||||||||&#8221; header_font=&#8221;Nunito|700|||||||&#8221; header_font_size=&#8221;20px&#8221; header_line_height=&#8221;1.5em&#8221; header_text_color=&#8221;#416ac0&#8243; hover_enabled=&#8221;0&#8243;]<\/p>\n<h1>Publica\u00e7\u00e3o do site<\/h1>\n<p>O site <a href=\"http:\/\/www.seedsoftellers.eu\">www.seedsoftellers.eu<\/a>  (doravante &#8220;o site&#8221;) \u00e9 publicado pela D\u2019Une\u00a0Parole \u00e0\u00a0l\u2019Autre &#8211; 10 avenue du Mar\u00e9chal Leclerc &#8211; 92240 MALAKOFF (n\u00famero oficial de registo: 47791383400016)<\/p>\n<p>SEEDS OF TELLERS (2018-1-FR01-KA201-048145) \u00e9 um projeto erasmus+ KA201 De desenvolvimento de inova\u00e7\u00e3o criado por v\u00e1rios parceiros europeus. O projeto \u00e9 financiado com o apoio da Comiss\u00e3o Europeia. Esta publica\u00e7\u00e3o \u00e9 da exclusiva responsabilidade do autor e a Comiss\u00e3o n\u00e3o se responsabiliza por quaisquer informa\u00e7\u00f5es que a\u00ed contenham.<\/p>\n<p>D\u2019une parole \u00e0 l\u2019autre \u00e9 respons\u00e1vel pela sua publica\u00e7\u00e3o.<\/p>\n<h1>Cria\u00e7\u00e3o de conte\u00fados do site<\/h1>\n<p>Diretor de publica\u00e7\u00e3o e gestor de conte\u00fados para o Website: <br \/> Nicolas N\u00e9d\u00e9lec \u2013 D\u2019une Parole \u00e0 l\u2019Autre<\/p>\n<p>Design e desenvolvimento da Plataforma:<br \/> Les Apprimeurs<\/p>\n<h1>Anfitri\u00e3o web<\/h1>\n<p>O Site \u00e9 hospedado por 1&amp;1 Internet SARL<br \/> Adress: 7, place de la Gare, 57200 Sarreguemines Cedex<br \/> SIREN: RCS Sarreguemines B 431 303 775<\/p>\n<h1>Recolha de dados<\/h1>\n<p>As informa\u00e7\u00f5es recolhidas no Website s\u00e3o utilizadas principalmente pelo Editor para gerir rela\u00e7\u00f5es com o utilizador do Website, podendo ser utilizadas para enviar informa\u00e7\u00f5es sobre novos conte\u00fados publicados na plataforma. As estat\u00edsticas de utiliza\u00e7\u00e3o an\u00f3nimas s\u00e3o enviadas \u00e0s autoridades europeias. Encontra-se registado na conta de cliente do utilizador, bem como nos ficheiros Editor gerados a partir da conta pessoal do utilizador.<\/p>\n<p>De acordo com as disposi\u00e7\u00f5es da Lei Francesa alterada 78-17 de 6 de janeiro de 1978 sobre prote\u00e7\u00e3o de dados, \u00e9 informado que o Editor ir\u00e1 processar os seus dados pessoais automaticamente, especialmente quando estiver ligado ao Website ou no caso de formul\u00e1rios online preenchidos por si. Pode exercer o direito de aceder, questionar, modificar e apagar informa\u00e7\u00f5es que lhe digam respeito a qualquer momento, contactando o Editor, quer atrav\u00e9s do Website na sec\u00e7\u00e3o &#8220;Contacto&#8221; quer por e-mail para contact@seedsoftellers.eu<\/p>\n<p>As informa\u00e7\u00f5es recolhidas podem ser transmitidas a terceiros contratados pelo Editor para executar as tarefas delegadas necess\u00e1rias para a administra\u00e7\u00e3o da sua conta. Pode opor-se a esta transfer\u00eancia de informa\u00e7\u00e3o expressando o seu desacordo atrav\u00e9s dos canais de contacto acima referidos. Em caso de viola\u00e7\u00e3o das disposi\u00e7\u00f5es legais ou estatu\u00e1ria, estas informa\u00e7\u00f5es podem ser transmitidas \u00e0s autoridades judiciais em caso de pedido expresso e justificado. Se forem necess\u00e1rios alguns detalhes para poder aceder a determinadas funcionalidades do site, o Editor indicar\u00e1 a sua natureza obrigat\u00f3ria na fase de entrada de informa\u00e7\u00e3o.<\/p>\n<h1>Cookies<\/h1>\n<p>O Website pode recolher automaticamente informa\u00e7\u00f5es padr\u00e3o, tais como dados personalizados que permitem ao Website identificar os seus visitantes. Todas as informa\u00e7\u00f5es indiretamente recolhidas ser\u00e3o utilizadas apenas para acompanhar o volume, o tipo e a configura\u00e7\u00e3o do tr\u00e1fego no Website, de forma a melhorar o seu design e layout, para outros fins administrativos e de planeamento e, de uma forma mais geral, para melhorar o servi\u00e7o que oferecemos. Pode recusar o uso de cookies no seu dispositivo.<\/p>\n<h1>Direitos de propriedade intelectual<\/h1>\n<p>Todos os conte\u00fados s\u00e3o distribu\u00eddos sob Licen\u00e7a Creative Commons: Atribui\u00e7\u00e3o &#8211; NonCommercial &#8211; ShareAlike 4.0 International<\/p>\n<p>Salvo especifica\u00e7\u00e3o em contr\u00e1rio, \u00e9 gratuito para: Partilhar \u2014 copiar e redistribuir o material em qualquer meio ou formato Adaptar \u2014 remisturar, transformar e construir sobre o material O licenciante n\u00e3o pode revogar essas liberdades desde que siga os termos da licen\u00e7a.<\/p>\n<p>Nos seguintes termos: Atribui\u00e7\u00e3o \u2014 Deve conceder o cr\u00e9dito adequado, fornecer um link para a licen\u00e7a e indicar se foram feitas altera\u00e7\u00f5es. Pode faz\u00ea-lo de qualquer forma razo\u00e1vel, mas n\u00e3o de forma alguma que sugira que o licenciante o apoia ou \u00e0 sua utiliza\u00e7\u00e3o. N\u00e3o Comercial \u2014 N\u00e3o pode utilizar o material para fins comerciais. ShareAlike \u2014 Se remisturar, transformar ou construir sobre o material, deve distribuir as suas contribui\u00e7\u00f5es com a mesma licen\u00e7a que a original.<\/p>\n<h1>Hiperliga\u00e7\u00f5es<\/h1>\n<p>O Website pode conter hiperliga\u00e7\u00f5es que conduzam a outros websites, publicados e geridos por terceiros, e n\u00e3o pelo Editor. O Editor n\u00e3o ser\u00e1 responsabilizado direta ou indiretamente se estes websites de terceiros n\u00e3o cumprirem as disposi\u00e7\u00f5es legais. Hiperliga\u00e7\u00f5es para o Site requerem autoriza\u00e7\u00e3o pr\u00e9via por escrito do Editor.<\/p>\n<p>[\/et_pb_text][\/et_pb_column][et_pb_column type=&#8221;1_3&#8243; _builder_version=&#8221;4.0.9&#8243;][\/et_pb_column][\/et_pb_row][\/et_pb_section]<\/p>\n","protected":false},"excerpt":{"rendered":"<p>Publica\u00e7\u00e3o do site O site www.seedsoftellers.eu (doravante &#8220;o site&#8221;) \u00e9 publicado pela D\u2019Une\u00a0Parole \u00e0\u00a0l\u2019Autre &#8211; 10 avenue du Mar\u00e9chal Leclerc &#8211; 92240 MALAKOFF (n\u00famero oficial de registo: 47791383400016) SEEDS OF TELLERS (2018-1-FR01-KA201-048145) \u00e9 um projeto erasmus+ KA201 De desenvolvimento de inova\u00e7\u00e3o criado por v\u00e1rios parceiros europeus. O projeto \u00e9 financiado com o apoio da Comiss\u00e3o [&hellip;]<\/p>\n","protected":false},"author":1,"featured_media":0,"parent":0,"menu_order":0,"comment_status":"closed","ping_status":"closed","template":"","meta":{"_acf_changed":false,"_et_pb_use_builder":"on","_et_pb_old_content":"","_et_gb_content_width":"","inline_featured_image":false,"footnotes":""},"class_list":["post-1338","page","type-page","status-publish","hentry"],"acf":[],"yoast_head":"<!-- This site is optimized with the Yoast SEO plugin v27.3 - https:\/\/yoast.com\/product\/yoast-seo-wordpress\/ -->\n<title>Men\u00e7\u00f5es Legais - Seeds Of Tellers<\/title>\n<meta name=\"robots\" content=\"index, follow, max-snippet:-1, max-image-preview:large, max-video-preview:-1\" \/>\n<link rel=\"canonical\" href=\"https:\/\/seedsoftellers.eu\/pt-pt\/impressionum\/\" \/>\n<meta property=\"og:locale\" content=\"pt_PT\" \/>\n<meta property=\"og:type\" content=\"article\" \/>\n<meta property=\"og:title\" content=\"Men\u00e7\u00f5es Legais - Seeds Of Tellers\" \/>\n<meta property=\"og:description\" content=\"Publica\u00e7\u00e3o do site O site www.seedsoftellers.eu (doravante &quot;o site&quot;) \u00e9 publicado pela D\u2019Une\u00a0Parole \u00e0\u00a0l\u2019Autre - 10 avenue du Mar\u00e9chal Leclerc - 92240 MALAKOFF (n\u00famero oficial de registo: 47791383400016) SEEDS OF TELLERS (2018-1-FR01-KA201-048145) \u00e9 um projeto erasmus+ KA201 De desenvolvimento de inova\u00e7\u00e3o criado por v\u00e1rios parceiros europeus. O projeto \u00e9 financiado com o apoio da Comiss\u00e3o [&hellip;]\" \/>\n<meta property=\"og:url\" content=\"https:\/\/seedsoftellers.eu\/pt-pt\/impressionum\/\" \/>\n<meta property=\"og:site_name\" content=\"Seeds Of Tellers\" \/>\n<meta property=\"article:publisher\" content=\"https:\/\/www.facebook.com\/seedsoftellers.eu\/\" \/>\n<meta property=\"article:modified_time\" content=\"2021-03-01T09:35:58+00:00\" \/>\n<meta name=\"twitter:card\" content=\"summary_large_image\" \/>\n<script type=\"application\/ld+json\" class=\"yoast-schema-graph\">{\"@context\":\"https:\\\/\\\/schema.org\",\"@graph\":[{\"@type\":\"WebPage\",\"@id\":\"https:\\\/\\\/seedsoftellers.eu\\\/pt-pt\\\/impressionum\\\/\",\"url\":\"https:\\\/\\\/seedsoftellers.eu\\\/pt-pt\\\/impressionum\\\/\",\"name\":\"Men\u00e7\u00f5es Legais - Seeds Of Tellers\",\"isPartOf\":{\"@id\":\"https:\\\/\\\/seedsoftellers.eu\\\/pt-pt\\\/#website\"},\"datePublished\":\"2020-03-03T15:49:31+00:00\",\"dateModified\":\"2021-03-01T09:35:58+00:00\",\"breadcrumb\":{\"@id\":\"https:\\\/\\\/seedsoftellers.eu\\\/pt-pt\\\/impressionum\\\/#breadcrumb\"},\"inLanguage\":\"pt-PT\",\"potentialAction\":[{\"@type\":\"ReadAction\",\"target\":[\"https:\\\/\\\/seedsoftellers.eu\\\/pt-pt\\\/impressionum\\\/\"]}]},{\"@type\":\"BreadcrumbList\",\"@id\":\"https:\\\/\\\/seedsoftellers.eu\\\/pt-pt\\\/impressionum\\\/#breadcrumb\",\"itemListElement\":[{\"@type\":\"ListItem\",\"position\":1,\"name\":\"Home\",\"item\":\"https:\\\/\\\/seedsoftellers.eu\\\/pt-pt\\\/\"},{\"@type\":\"ListItem\",\"position\":2,\"name\":\"Men\u00e7\u00f5es Legais\"}]},{\"@type\":\"WebSite\",\"@id\":\"https:\\\/\\\/seedsoftellers.eu\\\/pt-pt\\\/#website\",\"url\":\"https:\\\/\\\/seedsoftellers.eu\\\/pt-pt\\\/\",\"name\":\"Seeds Of Tellers\",\"description\":\"Storytelling for a better oracy\",\"publisher\":{\"@id\":\"https:\\\/\\\/seedsoftellers.eu\\\/pt-pt\\\/#organization\"},\"potentialAction\":[{\"@type\":\"SearchAction\",\"target\":{\"@type\":\"EntryPoint\",\"urlTemplate\":\"https:\\\/\\\/seedsoftellers.eu\\\/pt-pt\\\/?s={search_term_string}\"},\"query-input\":{\"@type\":\"PropertyValueSpecification\",\"valueRequired\":true,\"valueName\":\"search_term_string\"}}],\"inLanguage\":\"pt-PT\"},{\"@type\":\"Organization\",\"@id\":\"https:\\\/\\\/seedsoftellers.eu\\\/pt-pt\\\/#organization\",\"name\":\"Seeds of Tellers\",\"url\":\"https:\\\/\\\/seedsoftellers.eu\\\/pt-pt\\\/\",\"logo\":{\"@type\":\"ImageObject\",\"inLanguage\":\"pt-PT\",\"@id\":\"https:\\\/\\\/seedsoftellers.eu\\\/pt-pt\\\/#\\\/schema\\\/logo\\\/image\\\/\",\"url\":\"https:\\\/\\\/seedsoftellers.eu\\\/wp-content\\\/uploads\\\/2020\\\/03\\\/logo_seedsoftellers-1.png\",\"contentUrl\":\"https:\\\/\\\/seedsoftellers.eu\\\/wp-content\\\/uploads\\\/2020\\\/03\\\/logo_seedsoftellers-1.png\",\"width\":1400,\"height\":584,\"caption\":\"Seeds of Tellers\"},\"image\":{\"@id\":\"https:\\\/\\\/seedsoftellers.eu\\\/pt-pt\\\/#\\\/schema\\\/logo\\\/image\\\/\"},\"sameAs\":[\"https:\\\/\\\/www.facebook.com\\\/seedsoftellers.eu\\\/\"]}]}<\/script>\n<!-- \/ Yoast SEO plugin. -->","yoast_head_json":{"title":"Men\u00e7\u00f5es Legais - Seeds Of Tellers","robots":{"index":"index","follow":"follow","max-snippet":"max-snippet:-1","max-image-preview":"max-image-preview:large","max-video-preview":"max-video-preview:-1"},"canonical":"https:\/\/seedsoftellers.eu\/pt-pt\/impressionum\/","og_locale":"pt_PT","og_type":"article","og_title":"Men\u00e7\u00f5es Legais - Seeds Of Tellers","og_description":"Publica\u00e7\u00e3o do site O site www.seedsoftellers.eu (doravante \"o site\") \u00e9 publicado pela D\u2019Une\u00a0Parole \u00e0\u00a0l\u2019Autre - 10 avenue du Mar\u00e9chal Leclerc - 92240 MALAKOFF (n\u00famero oficial de registo: 47791383400016) SEEDS OF TELLERS (2018-1-FR01-KA201-048145) \u00e9 um projeto erasmus+ KA201 De desenvolvimento de inova\u00e7\u00e3o criado por v\u00e1rios parceiros europeus. O projeto \u00e9 financiado com o apoio da Comiss\u00e3o [&hellip;]","og_url":"https:\/\/seedsoftellers.eu\/pt-pt\/impressionum\/","og_site_name":"Seeds Of Tellers","article_publisher":"https:\/\/www.facebook.com\/seedsoftellers.eu\/","article_modified_time":"2021-03-01T09:35:58+00:00","twitter_card":"summary_large_image","schema":{"@context":"https:\/\/schema.org","@graph":[{"@type":"WebPage","@id":"https:\/\/seedsoftellers.eu\/pt-pt\/impressionum\/","url":"https:\/\/seedsoftellers.eu\/pt-pt\/impressionum\/","name":"Men\u00e7\u00f5es Legais - Seeds Of Tellers","isPartOf":{"@id":"https:\/\/seedsoftellers.eu\/pt-pt\/#website"},"datePublished":"2020-03-03T15:49:31+00:00","dateModified":"2021-03-01T09:35:58+00:00","breadcrumb":{"@id":"https:\/\/seedsoftellers.eu\/pt-pt\/impressionum\/#breadcrumb"},"inLanguage":"pt-PT","potentialAction":[{"@type":"ReadAction","target":["https:\/\/seedsoftellers.eu\/pt-pt\/impressionum\/"]}]},{"@type":"BreadcrumbList","@id":"https:\/\/seedsoftellers.eu\/pt-pt\/impressionum\/#breadcrumb","itemListElement":[{"@type":"ListItem","position":1,"name":"Home","item":"https:\/\/seedsoftellers.eu\/pt-pt\/"},{"@type":"ListItem","position":2,"name":"Men\u00e7\u00f5es Legais"}]},{"@type":"WebSite","@id":"https:\/\/seedsoftellers.eu\/pt-pt\/#website","url":"https:\/\/seedsoftellers.eu\/pt-pt\/","name":"Seeds Of Tellers","description":"Storytelling for a better oracy","publisher":{"@id":"https:\/\/seedsoftellers.eu\/pt-pt\/#organization"},"potentialAction":[{"@type":"SearchAction","target":{"@type":"EntryPoint","urlTemplate":"https:\/\/seedsoftellers.eu\/pt-pt\/?s={search_term_string}"},"query-input":{"@type":"PropertyValueSpecification","valueRequired":true,"valueName":"search_term_string"}}],"inLanguage":"pt-PT"},{"@type":"Organization","@id":"https:\/\/seedsoftellers.eu\/pt-pt\/#organization","name":"Seeds of Tellers","url":"https:\/\/seedsoftellers.eu\/pt-pt\/","logo":{"@type":"ImageObject","inLanguage":"pt-PT","@id":"https:\/\/seedsoftellers.eu\/pt-pt\/#\/schema\/logo\/image\/","url":"https:\/\/seedsoftellers.eu\/wp-content\/uploads\/2020\/03\/logo_seedsoftellers-1.png","contentUrl":"https:\/\/seedsoftellers.eu\/wp-content\/uploads\/2020\/03\/logo_seedsoftellers-1.png","width":1400,"height":584,"caption":"Seeds of Tellers"},"image":{"@id":"https:\/\/seedsoftellers.eu\/pt-pt\/#\/schema\/logo\/image\/"},"sameAs":["https:\/\/www.facebook.com\/seedsoftellers.eu\/"]}]}},"_links":{"self":[{"href":"https:\/\/seedsoftellers.eu\/pt-pt\/wp-json\/wp\/v2\/pages\/1338","targetHints":{"allow":["GET"]}}],"collection":[{"href":"https:\/\/seedsoftellers.eu\/pt-pt\/wp-json\/wp\/v2\/pages"}],"about":[{"href":"https:\/\/seedsoftellers.eu\/pt-pt\/wp-json\/wp\/v2\/types\/page"}],"author":[{"embeddable":true,"href":"https:\/\/seedsoftellers.eu\/pt-pt\/wp-json\/wp\/v2\/users\/1"}],"replies":[{"embeddable":true,"href":"https:\/\/seedsoftellers.eu\/pt-pt\/wp-json\/wp\/v2\/comments?post=1338"}],"version-history":[{"count":4,"href":"https:\/\/seedsoftellers.eu\/pt-pt\/wp-json\/wp\/v2\/pages\/1338\/revisions"}],"predecessor-version":[{"id":9794,"href":"https:\/\/seedsoftellers.eu\/pt-pt\/wp-json\/wp\/v2\/pages\/1338\/revisions\/9794"}],"wp:attachment":[{"href":"https:\/\/seedsoftellers.eu\/pt-pt\/wp-json\/wp\/v2\/media?parent=1338"}],"curies":[{"name":"wp","href":"https:\/\/api.w.org\/{rel}","templated":true}]}}