{"id":1320,"date":"2020-03-03T16:38:25","date_gmt":"2020-03-03T15:38:25","guid":{"rendered":"https:\/\/seedsoftellers.eu\/gravador-audio\/"},"modified":"2020-12-09T09:52:31","modified_gmt":"2020-12-09T08:52:31","slug":"gravador-audio","status":"publish","type":"page","link":"https:\/\/seedsoftellers.eu\/pt-pt\/gravador-audio\/","title":{"rendered":"Gravador audio"},"content":{"rendered":"<p>[et_pb_section fb_built=&#8221;1&#8243; admin_label=&#8221;Courses Hero&#8221; _builder_version=&#8221;4.0.11&#8243; background_color=&#8221;#df4269&#8243; background_enable_image=&#8221;off&#8221; background_blend=&#8221;overlay&#8221; custom_padding=&#8221;50px|0px|50px|0px|false|false&#8221; animation_direction=&#8221;top&#8221; locked=&#8221;off&#8221;][et_pb_row _builder_version=&#8221;4.0.9&#8243; background_size=&#8221;initial&#8221; background_position=&#8221;top_left&#8221; background_repeat=&#8221;repeat&#8221; custom_margin=&#8221;|||&#8221; custom_width_px=&#8221;1280px&#8221;][et_pb_column type=&#8221;4_4&#8243; _builder_version=&#8221;3.25&#8243; custom_padding=&#8221;|||&#8221; custom_padding__hover=&#8221;|||&#8221;][et_pb_text _builder_version=&#8221;4.0.9&#8243; text_font=&#8221;||||||||&#8221; header_font=&#8221;Nunito|700|||||||&#8221; header_text_color=&#8221;#ffffff&#8221; header_font_size=&#8221;42px&#8221; header_line_height=&#8221;1.3em&#8221; background_size=&#8221;initial&#8221; background_position=&#8221;top_left&#8221; background_repeat=&#8221;repeat&#8221; text_orientation=&#8221;center&#8221; background_layout=&#8221;dark&#8221; max_width=&#8221;530px&#8221; module_alignment=&#8221;center&#8221; custom_padding=&#8221;|||&#8221; header_font_size_tablet=&#8221;&#8221; header_font_size_phone=&#8221;&#8221; header_font_size_last_edited=&#8221;on|desktop&#8221; locked=&#8221;off&#8221;]<\/p>\n<h1><span style=\"font-family: inherit;\">Gravador audio<\/span><\/h1>\n<p>&nbsp;[\/et_pb_text][\/et_pb_column][\/et_pb_row][\/et_pb_section][et_pb_section fb_built=&#8221;1&#8243; _builder_version=&#8221;4.0.11&#8243; background_color=&#8221;rgba(223,66,105,0.05)&#8221; locked=&#8221;off&#8221;][et_pb_row custom_padding_last_edited=&#8221;off|desktop&#8221; _builder_version=&#8221;4.6.5&#8243; background_color=&#8221;#ffffff&#8221; custom_margin=&#8221;-80px||||false|false&#8221; custom_padding=&#8221;|30px||30px|false|false&#8221; hover_enabled=&#8221;0&#8243; box_shadow_style=&#8221;preset2&#8243; box_shadow_horizontal=&#8221;0px&#8221; box_shadow_vertical=&#8221;0px&#8221; box_shadow_blur=&#8221;60px&#8221; box_shadow_color=&#8221;rgba(0,0,0,0.12)&#8221; sticky_enabled=&#8221;0&#8243;][et_pb_column type=&#8221;4_4&#8243; _builder_version=&#8221;4.0.9&#8243; background_color=&#8221;#ffffff&#8221;][et_pb_text _builder_version=&#8221;4.6.5&#8243; text_font_size=&#8221;18px&#8221; header_font=&#8221;Poppins|||on|||||&#8221; header_text_align=&#8221;left&#8221; header_font_size=&#8221;36px&#8221; header_2_font=&#8221;Nunito|700|||||||&#8221; header_2_text_color=&#8221;#416ac0&#8243; header_2_font_size=&#8221;28px&#8221; header_2_line_height=&#8221;1.4em&#8221; header_3_font=&#8221;Nunito||||||||&#8221; width=&#8221;100%&#8221; module_alignment=&#8221;center&#8221; hover_enabled=&#8221;0&#8243; sticky_enabled=&#8221;0&#8243;]Pode gravar sua voz com o gravador de \u00e1udio abaixo, e fazer o download do arquivo.<\/p>\n<p>Ao clicar em <strong>Gravar<\/strong>, certifique-se de que <strong>autorizou<\/strong> o seu navegador a usar o microfone.<\/p>\n<p>Quando a grava\u00e7\u00e3o estiver conclu\u00edda, clique em Finish (<strong>Concluir<\/strong>). Pode ent\u00e3o fazer o <strong>download<\/strong>.<\/p>\n<p>&nbsp;<\/p>\n<blockquote>\n<h2>Privacy<\/h2>\n<p>Nenhuma grava\u00e7\u00e3o \u00e9 transferida para o nosso servidor quando se utiliza o gravador de \u00e1udio abaixo.<br \/>O ficheiro que est\u00e1 a descarregar \u00e9 gerado pelo seu navegador de Internet e n\u00e3o \u00e9 alojado pelo nosso website.<br \/>Se quiser contribuir para Sementes de Contadores com o seu pr\u00f3prio \u00e1udio, por favor  <a href=\"https:\/\/seedsoftellers.eu\/pt-pt\/contacte-nos\/\">contacte-nos<\/a>.<\/p>\n<\/blockquote>\n<p>[\/et_pb_text][et_pb_text _builder_version=&#8221;4.6.5&#8243; text_font_size=&#8221;18px&#8221; width=&#8221;100%&#8221; module_alignment=&#8221;center&#8221; hover_enabled=&#8221;0&#8243; locked=&#8221;off&#8221; sticky_enabled=&#8221;0&#8243;]<div class=\"h5p-iframe-wrapper\"><iframe id=\"h5p-iframe-5\" class=\"h5p-iframe\" data-content-id=\"5\" style=\"height:1px\" src=\"about:blank\" frameBorder=\"0\" scrolling=\"no\" title=\"Gravador audio\"><\/iframe><\/div>[\/et_pb_text][\/et_pb_column][\/et_pb_row][\/et_pb_section]<\/p>\n","protected":false},"excerpt":{"rendered":"<p>Gravador audio &nbsp;Pode gravar sua voz com o gravador de \u00e1udio abaixo, e fazer o download do arquivo. Ao clicar em Gravar, certifique-se de que autorizou o seu navegador a usar o microfone. Quando a grava\u00e7\u00e3o estiver conclu\u00edda, clique em Finish (Concluir). Pode ent\u00e3o fazer o download. &nbsp; Privacy Nenhuma grava\u00e7\u00e3o \u00e9 transferida para o [&hellip;]<\/p>\n","protected":false},"author":1,"featured_media":0,"parent":0,"menu_order":0,"comment_status":"closed","ping_status":"closed","template":"","meta":{"_acf_changed":false,"_et_pb_use_builder":"on","_et_pb_old_content":"","_et_gb_content_width":"","inline_featured_image":false,"footnotes":""},"class_list":["post-1320","page","type-page","status-publish","hentry"],"acf":[],"yoast_head":"<!-- This site is optimized with the Yoast SEO plugin v27.4 - https:\/\/yoast.com\/product\/yoast-seo-wordpress\/ -->\n<title>Gravador audio - Seeds Of Tellers<\/title>\n<meta name=\"robots\" content=\"index, follow, max-snippet:-1, max-image-preview:large, max-video-preview:-1\" \/>\n<link rel=\"canonical\" href=\"https:\/\/seedsoftellers.eu\/pt-pt\/gravador-audio\/\" \/>\n<meta property=\"og:locale\" content=\"pt_PT\" \/>\n<meta property=\"og:type\" content=\"article\" \/>\n<meta property=\"og:title\" content=\"Gravador audio - Seeds Of Tellers\" \/>\n<meta property=\"og:description\" content=\"Gravador audio &nbsp;Pode gravar sua voz com o gravador de \u00e1udio abaixo, e fazer o download do arquivo. Ao clicar em Gravar, certifique-se de que autorizou o seu navegador a usar o microfone. Quando a grava\u00e7\u00e3o estiver conclu\u00edda, clique em Finish (Concluir). Pode ent\u00e3o fazer o download. &nbsp; Privacy Nenhuma grava\u00e7\u00e3o \u00e9 transferida para o [&hellip;]\" \/>\n<meta property=\"og:url\" content=\"https:\/\/seedsoftellers.eu\/pt-pt\/gravador-audio\/\" \/>\n<meta property=\"og:site_name\" content=\"Seeds Of Tellers\" \/>\n<meta property=\"article:publisher\" content=\"https:\/\/www.facebook.com\/seedsoftellers.eu\/\" \/>\n<meta property=\"article:modified_time\" content=\"2020-12-09T08:52:31+00:00\" \/>\n<meta name=\"twitter:card\" content=\"summary_large_image\" \/>\n<script type=\"application\/ld+json\" class=\"yoast-schema-graph\">{\"@context\":\"https:\\\/\\\/schema.org\",\"@graph\":[{\"@type\":\"WebPage\",\"@id\":\"https:\\\/\\\/seedsoftellers.eu\\\/pt-pt\\\/gravador-audio\\\/\",\"url\":\"https:\\\/\\\/seedsoftellers.eu\\\/pt-pt\\\/gravador-audio\\\/\",\"name\":\"Gravador audio - Seeds Of Tellers\",\"isPartOf\":{\"@id\":\"https:\\\/\\\/seedsoftellers.eu\\\/pt-pt\\\/#website\"},\"datePublished\":\"2020-03-03T15:38:25+00:00\",\"dateModified\":\"2020-12-09T08:52:31+00:00\",\"breadcrumb\":{\"@id\":\"https:\\\/\\\/seedsoftellers.eu\\\/pt-pt\\\/gravador-audio\\\/#breadcrumb\"},\"inLanguage\":\"pt-PT\",\"potentialAction\":[{\"@type\":\"ReadAction\",\"target\":[\"https:\\\/\\\/seedsoftellers.eu\\\/pt-pt\\\/gravador-audio\\\/\"]}]},{\"@type\":\"BreadcrumbList\",\"@id\":\"https:\\\/\\\/seedsoftellers.eu\\\/pt-pt\\\/gravador-audio\\\/#breadcrumb\",\"itemListElement\":[{\"@type\":\"ListItem\",\"position\":1,\"name\":\"Home\",\"item\":\"https:\\\/\\\/seedsoftellers.eu\\\/pt-pt\\\/\"},{\"@type\":\"ListItem\",\"position\":2,\"name\":\"Gravador audio\"}]},{\"@type\":\"WebSite\",\"@id\":\"https:\\\/\\\/seedsoftellers.eu\\\/pt-pt\\\/#website\",\"url\":\"https:\\\/\\\/seedsoftellers.eu\\\/pt-pt\\\/\",\"name\":\"Seeds Of Tellers\",\"description\":\"Storytelling for a better oracy\",\"publisher\":{\"@id\":\"https:\\\/\\\/seedsoftellers.eu\\\/pt-pt\\\/#organization\"},\"potentialAction\":[{\"@type\":\"SearchAction\",\"target\":{\"@type\":\"EntryPoint\",\"urlTemplate\":\"https:\\\/\\\/seedsoftellers.eu\\\/pt-pt\\\/?s={search_term_string}\"},\"query-input\":{\"@type\":\"PropertyValueSpecification\",\"valueRequired\":true,\"valueName\":\"search_term_string\"}}],\"inLanguage\":\"pt-PT\"},{\"@type\":\"Organization\",\"@id\":\"https:\\\/\\\/seedsoftellers.eu\\\/pt-pt\\\/#organization\",\"name\":\"Seeds of Tellers\",\"url\":\"https:\\\/\\\/seedsoftellers.eu\\\/pt-pt\\\/\",\"logo\":{\"@type\":\"ImageObject\",\"inLanguage\":\"pt-PT\",\"@id\":\"https:\\\/\\\/seedsoftellers.eu\\\/pt-pt\\\/#\\\/schema\\\/logo\\\/image\\\/\",\"url\":\"https:\\\/\\\/seedsoftellers.eu\\\/wp-content\\\/uploads\\\/2020\\\/03\\\/logo_seedsoftellers-1.png\",\"contentUrl\":\"https:\\\/\\\/seedsoftellers.eu\\\/wp-content\\\/uploads\\\/2020\\\/03\\\/logo_seedsoftellers-1.png\",\"width\":1400,\"height\":584,\"caption\":\"Seeds of Tellers\"},\"image\":{\"@id\":\"https:\\\/\\\/seedsoftellers.eu\\\/pt-pt\\\/#\\\/schema\\\/logo\\\/image\\\/\"},\"sameAs\":[\"https:\\\/\\\/www.facebook.com\\\/seedsoftellers.eu\\\/\"]}]}<\/script>\n<!-- \/ Yoast SEO plugin. -->","yoast_head_json":{"title":"Gravador audio - Seeds Of Tellers","robots":{"index":"index","follow":"follow","max-snippet":"max-snippet:-1","max-image-preview":"max-image-preview:large","max-video-preview":"max-video-preview:-1"},"canonical":"https:\/\/seedsoftellers.eu\/pt-pt\/gravador-audio\/","og_locale":"pt_PT","og_type":"article","og_title":"Gravador audio - Seeds Of Tellers","og_description":"Gravador audio &nbsp;Pode gravar sua voz com o gravador de \u00e1udio abaixo, e fazer o download do arquivo. Ao clicar em Gravar, certifique-se de que autorizou o seu navegador a usar o microfone. Quando a grava\u00e7\u00e3o estiver conclu\u00edda, clique em Finish (Concluir). Pode ent\u00e3o fazer o download. &nbsp; Privacy Nenhuma grava\u00e7\u00e3o \u00e9 transferida para o [&hellip;]","og_url":"https:\/\/seedsoftellers.eu\/pt-pt\/gravador-audio\/","og_site_name":"Seeds Of Tellers","article_publisher":"https:\/\/www.facebook.com\/seedsoftellers.eu\/","article_modified_time":"2020-12-09T08:52:31+00:00","twitter_card":"summary_large_image","schema":{"@context":"https:\/\/schema.org","@graph":[{"@type":"WebPage","@id":"https:\/\/seedsoftellers.eu\/pt-pt\/gravador-audio\/","url":"https:\/\/seedsoftellers.eu\/pt-pt\/gravador-audio\/","name":"Gravador audio - Seeds Of Tellers","isPartOf":{"@id":"https:\/\/seedsoftellers.eu\/pt-pt\/#website"},"datePublished":"2020-03-03T15:38:25+00:00","dateModified":"2020-12-09T08:52:31+00:00","breadcrumb":{"@id":"https:\/\/seedsoftellers.eu\/pt-pt\/gravador-audio\/#breadcrumb"},"inLanguage":"pt-PT","potentialAction":[{"@type":"ReadAction","target":["https:\/\/seedsoftellers.eu\/pt-pt\/gravador-audio\/"]}]},{"@type":"BreadcrumbList","@id":"https:\/\/seedsoftellers.eu\/pt-pt\/gravador-audio\/#breadcrumb","itemListElement":[{"@type":"ListItem","position":1,"name":"Home","item":"https:\/\/seedsoftellers.eu\/pt-pt\/"},{"@type":"ListItem","position":2,"name":"Gravador audio"}]},{"@type":"WebSite","@id":"https:\/\/seedsoftellers.eu\/pt-pt\/#website","url":"https:\/\/seedsoftellers.eu\/pt-pt\/","name":"Seeds Of Tellers","description":"Storytelling for a better oracy","publisher":{"@id":"https:\/\/seedsoftellers.eu\/pt-pt\/#organization"},"potentialAction":[{"@type":"SearchAction","target":{"@type":"EntryPoint","urlTemplate":"https:\/\/seedsoftellers.eu\/pt-pt\/?s={search_term_string}"},"query-input":{"@type":"PropertyValueSpecification","valueRequired":true,"valueName":"search_term_string"}}],"inLanguage":"pt-PT"},{"@type":"Organization","@id":"https:\/\/seedsoftellers.eu\/pt-pt\/#organization","name":"Seeds of Tellers","url":"https:\/\/seedsoftellers.eu\/pt-pt\/","logo":{"@type":"ImageObject","inLanguage":"pt-PT","@id":"https:\/\/seedsoftellers.eu\/pt-pt\/#\/schema\/logo\/image\/","url":"https:\/\/seedsoftellers.eu\/wp-content\/uploads\/2020\/03\/logo_seedsoftellers-1.png","contentUrl":"https:\/\/seedsoftellers.eu\/wp-content\/uploads\/2020\/03\/logo_seedsoftellers-1.png","width":1400,"height":584,"caption":"Seeds of Tellers"},"image":{"@id":"https:\/\/seedsoftellers.eu\/pt-pt\/#\/schema\/logo\/image\/"},"sameAs":["https:\/\/www.facebook.com\/seedsoftellers.eu\/"]}]}},"_links":{"self":[{"href":"https:\/\/seedsoftellers.eu\/pt-pt\/wp-json\/wp\/v2\/pages\/1320","targetHints":{"allow":["GET"]}}],"collection":[{"href":"https:\/\/seedsoftellers.eu\/pt-pt\/wp-json\/wp\/v2\/pages"}],"about":[{"href":"https:\/\/seedsoftellers.eu\/pt-pt\/wp-json\/wp\/v2\/types\/page"}],"author":[{"embeddable":true,"href":"https:\/\/seedsoftellers.eu\/pt-pt\/wp-json\/wp\/v2\/users\/1"}],"replies":[{"embeddable":true,"href":"https:\/\/seedsoftellers.eu\/pt-pt\/wp-json\/wp\/v2\/comments?post=1320"}],"version-history":[{"count":12,"href":"https:\/\/seedsoftellers.eu\/pt-pt\/wp-json\/wp\/v2\/pages\/1320\/revisions"}],"predecessor-version":[{"id":7011,"href":"https:\/\/seedsoftellers.eu\/pt-pt\/wp-json\/wp\/v2\/pages\/1320\/revisions\/7011"}],"wp:attachment":[{"href":"https:\/\/seedsoftellers.eu\/pt-pt\/wp-json\/wp\/v2\/media?parent=1320"}],"curies":[{"name":"wp","href":"https:\/\/api.w.org\/{rel}","templated":true}]}}