{"id":1260,"date":"2020-03-03T14:54:07","date_gmt":"2020-03-03T13:54:07","guid":{"rendered":"https:\/\/seedsoftellers.eu\/parceiros\/"},"modified":"2020-03-23T12:24:56","modified_gmt":"2020-03-23T11:24:56","slug":"parceiros","status":"publish","type":"page","link":"https:\/\/seedsoftellers.eu\/pt-pt\/parceiros\/","title":{"rendered":"Parceiros"},"content":{"rendered":"<p>[et_pb_section fb_built=&#8221;1&#8243; admin_label=&#8221;Courses Hero&#8221; _builder_version=&#8221;4.0.11&#8243; background_color=&#8221;#1f264c&#8221; background_enable_image=&#8221;off&#8221; background_blend=&#8221;overlay&#8221; custom_padding=&#8221;50px|0px|50px|0px|false|false&#8221; animation_direction=&#8221;top&#8221; locked=&#8221;off&#8221;][et_pb_row _builder_version=&#8221;3.25&#8243; background_size=&#8221;initial&#8221; background_position=&#8221;top_left&#8221; background_repeat=&#8221;repeat&#8221; custom_margin=&#8221;|||&#8221; custom_width_px=&#8221;1280px&#8221;][et_pb_column type=&#8221;4_4&#8243; _builder_version=&#8221;3.25&#8243; custom_padding=&#8221;|||&#8221; custom_padding__hover=&#8221;|||&#8221;][et_pb_text _builder_version=&#8221;3.27.4&#8243; text_font=&#8221;||||||||&#8221; header_font=&#8221;Nunito|700|||||||&#8221; header_font_size=&#8221;42px&#8221; header_line_height=&#8221;1.3em&#8221; background_size=&#8221;initial&#8221; background_position=&#8221;top_left&#8221; background_repeat=&#8221;repeat&#8221; text_orientation=&#8221;center&#8221; background_layout=&#8221;dark&#8221; max_width=&#8221;530px&#8221; module_alignment=&#8221;center&#8221; custom_padding=&#8221;|||&#8221; header_font_size_tablet=&#8221;&#8221; header_font_size_phone=&#8221;&#8221; header_font_size_last_edited=&#8221;on|desktop&#8221; locked=&#8221;off&#8221;]<\/p>\n<h1><span style=\"font-family: inherit;\">Parceiros<\/span><\/h1>\n<p>[\/et_pb_text][\/et_pb_column][\/et_pb_row][\/et_pb_section][et_pb_section fb_built=&#8221;1&#8243; admin_label=&#8221;Courses&#8221; _builder_version=&#8221;4.0.11&#8243; background_color=&#8221;rgba(207,144,202,0.03)&#8221; custom_padding=&#8221;0px|0px|2px|0px||&#8221;][et_pb_row column_structure=&#8221;1_2,1_2&#8243; _builder_version=&#8221;4.0.11&#8243; background_size=&#8221;initial&#8221; background_position=&#8221;top_left&#8221; background_repeat=&#8221;repeat&#8221; custom_margin=&#8221;|||&#8221; custom_padding=&#8221;0px|0px|27px|0px&#8221;][et_pb_column type=&#8221;1_2&#8243; _builder_version=&#8221;4.0.9&#8243; custom_padding=&#8221;|||&#8221; custom_padding__hover=&#8221;|||&#8221;][et_pb_blurb title=&#8221;The Grimm Sisters &#8211; It\u00e1lia&#8221; url=&#8221;#&#8221; image=&#8221;https:\/\/seedsoftellers.eu\/wp-content\/uploads\/2019\/09\/grimmSisters-e1567678496635.jpg&#8221; image_max_width=&#8221;70%&#8221; content_max_width=&#8221;1100px&#8221; image_tablet=&#8221;&#8221; image_phone=&#8221;&#8221; image_last_edited=&#8221;on|desktop&#8221; _builder_version=&#8221;4.0.11&#8243; header_font=&#8221;Nunito|700|||||||&#8221; header_text_color=&#8221;#000000&#8243; header_line_height=&#8221;1.5em&#8221; body_text_color=&#8221;#14243e&#8221; body_font_size=&#8221;16px&#8221; body_line_height=&#8221;1.9em&#8221; background_color=&#8221;#ffffff&#8221; background_size=&#8221;initial&#8221; background_position=&#8221;top_left&#8221; background_repeat=&#8221;repeat&#8221; min_height=&#8221;600px&#8221; custom_margin=&#8221;-30px||10%||false|false&#8221; custom_padding=&#8221;30px|40px|30px|40px|false|false&#8221; animation_direction=&#8221;bottom&#8221; animation=&#8221;off&#8221; hover_enabled=&#8221;0&#8243; box_shadow_style=&#8221;preset2&#8243; box_shadow_horizontal=&#8221;0px&#8221; box_shadow_vertical=&#8221;0px&#8221; box_shadow_blur=&#8221;60px&#8221; box_shadow_color=&#8221;rgba(0,0,0,0.12)&#8221; locked=&#8221;off&#8221;]Grimm Sisters \u00e9 uma associa\u00e7\u00e3o cultural italiana que tem como objetivo promover a arte em todas as suas formas. Concentra-se em particular na cria\u00e7\u00e3o art\u00edstica, no ensino e na educa\u00e7\u00e3o atrav\u00e9s da arte.<\/p>\n<p>Site: <a href=\"https:\/\/grimmtwins.weebly.com\/\">https:\/\/grimmtwins.weebly.com\/<\/a>[\/et_pb_blurb][et_pb_blurb title=&#8221;Les Apprimeurs &#8211; Fran\u00e7a&#8221; url=&#8221;#&#8221; image=&#8221;https:\/\/seedsoftellers.eu\/wp-content\/uploads\/2019\/09\/Logo_Apprimeurs_OK-1.jpg&#8221; content_max_width=&#8221;1100px&#8221; _builder_version=&#8221;4.0.11&#8243; header_font=&#8221;Nunito|700|||||||&#8221; header_text_color=&#8221;#000000&#8243; header_line_height=&#8221;1.5em&#8221; body_text_color=&#8221;#14243e&#8221; body_font_size=&#8221;16px&#8221; body_line_height=&#8221;1.9em&#8221; min_height=&#8221;600px&#8221; custom_margin=&#8221;0px||10%||false|false&#8221; custom_padding=&#8221;30px|40px|30px|40px|false|false&#8221; animation_direction=&#8221;bottom&#8221; animation=&#8221;off&#8221; box_shadow_style=&#8221;preset2&#8243; box_shadow_horizontal=&#8221;0px&#8221; box_shadow_vertical=&#8221;0px&#8221; box_shadow_blur=&#8221;60px&#8221; box_shadow_color=&#8221;rgba(0,0,0,0.12)&#8221; locked=&#8221;off&#8221; image_max_width=&#8221;70%&#8221; background_color=&#8221;#ffffff&#8221; background_size=&#8221;initial&#8221; background_position=&#8221;top_left&#8221; background_repeat=&#8221;repeat&#8221; hover_enabled=&#8221;0&#8243;]Les Apprimeurs \u00e9 uma ag\u00eancia digital francesa especializada na cria\u00e7\u00e3o de livros electr\u00f3nicos e plataformas educativas e acess\u00edveis para os sectores da educa\u00e7\u00e3o, cultura e forma\u00e7\u00e3o. Eles trabalham para promover a leitura e o acesso ao conhecimento para todos.<\/p>\n<p>Site: <a href=\"http:\/\/www.lesapprimeurs.com\/\">www.lesapprimeurs.com<\/a>[\/et_pb_blurb][et_pb_blurb title=&#8221;Agrupamento de Escolas Pinheiro e Rosa &#8211; Portugal&#8221; url=&#8221;#&#8221; image=&#8221;https:\/\/seedsoftellers.eu\/wp-content\/uploads\/2019\/09\/logo_AEPROSA_original.png&#8221; image_max_width=&#8221;90%&#8221; content_max_width=&#8221;1100px&#8221; _builder_version=&#8221;4.0.11&#8243; header_font=&#8221;Nunito|700|||||||&#8221; header_text_color=&#8221;#2e2545&#8243; header_line_height=&#8221;1.5em&#8221; body_text_color=&#8221;#14243e&#8221; body_font_size=&#8221;16px&#8221; body_line_height=&#8221;1.9em&#8221; background_color=&#8221;#ffffff&#8221; background_size=&#8221;initial&#8221; background_position=&#8221;top_left&#8221; background_repeat=&#8221;repeat&#8221; min_height=&#8221;600px&#8221; custom_margin=&#8221;||10%|&#8221; custom_padding=&#8221;30px|40px|30px|40px&#8221; animation_direction=&#8221;bottom&#8221; animation=&#8221;off&#8221; hover_enabled=&#8221;0&#8243; border_width_all_image=&#8221;10px&#8221; border_color_all_image=&#8221;#ffffff&#8221; box_shadow_style=&#8221;preset2&#8243; box_shadow_horizontal=&#8221;0px&#8221; box_shadow_vertical=&#8221;0px&#8221; box_shadow_blur=&#8221;60px&#8221; box_shadow_color=&#8221;rgba(0,0,0,0.12)&#8221; locked=&#8221;off&#8221;]AEPROSA \u00e9 um agrupamento de nove escolas que v\u00e3o desde o jardim de inf\u00e2ncia ao ensino secund\u00e1rio, com aproximadamente 2.400 alunos e 250 professores. As escolas est\u00e3o localizadas na regi\u00e3o de Faro, no sul de Portugal. Envolve-se em v\u00e1rios projectos escolares para melhorar o n\u00edvel de literacia dos alunos.<\/p>\n<p>Site: <a href=\"https:\/\/www.aeprosa.pt\/\">https:\/\/www.aeprosa.pt\/<\/a>[\/et_pb_blurb][\/et_pb_column][et_pb_column type=&#8221;1_2&#8243; _builder_version=&#8221;3.25&#8243; custom_padding=&#8221;|||&#8221; custom_padding__hover=&#8221;|||&#8221;][et_pb_blurb title=&#8221;La Grande Oreille &#8211; Fran\u00e7a&#8221; url=&#8221;#&#8221; image=&#8221;https:\/\/seedsoftellers.eu\/wp-content\/uploads\/2019\/09\/Logo-LGO-copie-1.png&#8221; content_max_width=&#8221;1100px&#8221; _builder_version=&#8221;4.0.11&#8243; header_font=&#8221;Nunito|700|||||||&#8221; header_text_color=&#8221;#000000&#8243; header_line_height=&#8221;1.5em&#8221; body_text_color=&#8221;#14243e&#8221; body_font_size=&#8221;16px&#8221; body_line_height=&#8221;1.9em&#8221; min_height=&#8221;600px&#8221; custom_margin=&#8221;-30px||10%||false|false&#8221; custom_padding=&#8221;30px|40px|30px|40px|false|false&#8221; animation_direction=&#8221;bottom&#8221; animation=&#8221;off&#8221; box_shadow_style=&#8221;preset2&#8243; box_shadow_horizontal=&#8221;0px&#8221; box_shadow_vertical=&#8221;0px&#8221; box_shadow_blur=&#8221;60px&#8221; box_shadow_color=&#8221;rgba(0,0,0,0.12)&#8221; locked=&#8221;off&#8221; image_max_width=&#8221;70%&#8221; background_color=&#8221;#ffffff&#8221; background_size=&#8221;initial&#8221; background_position=&#8221;top_left&#8221; background_repeat=&#8221;repeat&#8221;]La Grande Oreille \u00e9 uma associa\u00e7\u00e3o francesa que publica uma revista trimestral dedicada \u00e0s artes da palavra. Oferece a oportunidade de descobrir a narrativa em toda a sua diversidade (contos de tradi\u00e7\u00e3o oral, mitos, lendas, contos urbanos e contempor\u00e2neos, hist\u00f3rias de vida&#8230;), em todas as suas formas (espect\u00e1culos de contos, contos em bibliotecas, escolas, hospitais&#8230;) e promove a oralidade.<\/p>\n<p>Site: <a href=\"http:\/\/lagrandeoreille.com\/\">http:\/\/lagrandeoreille.com\/<\/a>[\/et_pb_blurb][et_pb_blurb title=&#8221;LogoPsyCom &#8211; B\u00e9lgica&#8221; url=&#8221;#&#8221; image=&#8221;https:\/\/seedsoftellers.eu\/wp-content\/uploads\/2019\/09\/Logo_JPG_copie.jpg&#8221; image_max_width=&#8221;80%&#8221; content_max_width=&#8221;1100px&#8221; _builder_version=&#8221;4.0.11&#8243; header_font=&#8221;Nunito|700|||||||&#8221; header_text_color=&#8221;#2e2545&#8243; header_line_height=&#8221;1.5em&#8221; body_text_color=&#8221;#14243e&#8221; body_font_size=&#8221;16px&#8221; body_line_height=&#8221;1.9em&#8221; background_color=&#8221;#ffffff&#8221; background_size=&#8221;initial&#8221; background_position=&#8221;top_left&#8221; background_repeat=&#8221;repeat&#8221; min_height=&#8221;600px&#8221; custom_margin=&#8221;||10%|&#8221; custom_padding=&#8221;30px|40px|30px|40px&#8221; animation_direction=&#8221;bottom&#8221; animation=&#8221;off&#8221; hover_enabled=&#8221;0&#8243; box_shadow_style=&#8221;preset2&#8243; box_shadow_horizontal=&#8221;0px&#8221; box_shadow_vertical=&#8221;0px&#8221; box_shadow_blur=&#8221;60px&#8221; box_shadow_color=&#8221;rgba(0,0,0,0.12)&#8221; locked=&#8221;off&#8221;]A Logopsycom \u00e9 uma organiza\u00e7\u00e3o belga especializada em dificuldades de aprendizagem espec\u00edficas (SLD), que incluem dislexia, dispraxia (ou DCD), discalculia, etc. Todos os terapeutas da fala e da l\u00edngua s\u00e3o especialistas na mat\u00e9ria e os seus conhecimentos s\u00e3o frequentemente procurados por hospitais e cl\u00ednicas universit\u00e1rias.<\/p>\n<p>Site: <a href=\"https:\/\/www.logopsycom.com\/\">www.logopsycom.com<\/a>[\/et_pb_blurb][et_pb_blurb title=&#8221;Primary School %22Lyuben Karavelov%22 &#8211; Bulg\u00e1ria&#8221; url=&#8221;#&#8221; image=&#8221;https:\/\/seedsoftellers.eu\/wp-content\/uploads\/2019\/09\/L-Karavelov-Logo_copie.jpg&#8221; image_max_width=&#8221;40%&#8221; content_max_width=&#8221;1100px&#8221; _builder_version=&#8221;4.0.11&#8243; header_font=&#8221;Nunito|700|||||||&#8221; header_text_color=&#8221;#2e2545&#8243; header_line_height=&#8221;1.5em&#8221; body_text_color=&#8221;#14243e&#8221; body_font_size=&#8221;16px&#8221; body_line_height=&#8221;1.9em&#8221; background_color=&#8221;#ffffff&#8221; background_size=&#8221;initial&#8221; background_position=&#8221;top_left&#8221; background_repeat=&#8221;repeat&#8221; min_height=&#8221;600px&#8221; custom_margin=&#8221;||10%|&#8221; custom_padding=&#8221;30px|40px|30px|40px&#8221; animation_direction=&#8221;bottom&#8221; animation=&#8221;off&#8221; hover_enabled=&#8221;0&#8243; box_shadow_style=&#8221;preset2&#8243; box_shadow_horizontal=&#8221;0px&#8221; box_shadow_vertical=&#8221;0px&#8221; box_shadow_blur=&#8221;60px&#8221; box_shadow_color=&#8221;rgba(0,0,0,0.12)&#8221; locked=&#8221;off&#8221;]Osnovno uchilishte &#8220;Lyuben Karavelov&#8221; \u00e9 uma escola prim\u00e1ria e secund\u00e1ria b\u00falgara com 545 alunos e 49 professores. Est\u00e1 localizada em Vidin, no noroeste da Bulg\u00e1ria.<\/p>\n<p>Site: <a href=\"https:\/\/lk-vidin.eu\/\">https:\/\/lk-vidin.eu<\/a>[\/et_pb_blurb][\/et_pb_column][\/et_pb_row][\/et_pb_section][et_pb_section fb_built=&#8221;1&#8243; admin_label=&#8221;Footer&#8221; _builder_version=&#8221;3.27.3&#8243; background_color=&#8221;rgba(21,37,63,0.06)&#8221; custom_padding=&#8221;0px|0px|0px|0px||&#8221; animation_direction=&#8221;bottom&#8221; saved_tabs=&#8221;all&#8221; locked=&#8221;off&#8221;][et_pb_row column_structure=&#8221;3_4,1_4&#8243; use_custom_gutter=&#8221;on&#8221; gutter_width=&#8221;2&#8243; _builder_version=&#8221;3.27.3&#8243; background_size=&#8221;initial&#8221; background_position=&#8221;top_left&#8221; background_repeat=&#8221;repeat&#8221; min_height=&#8221;90px&#8221; custom_margin=&#8221;-1px|auto||auto|false|false&#8221; custom_padding=&#8221;||0px||false|false&#8221;][et_pb_column type=&#8221;3_4&#8243; _builder_version=&#8221;3.25&#8243; custom_padding=&#8221;|||&#8221; custom_padding__hover=&#8221;|||&#8221;][et_pb_text _builder_version=&#8221;4.0.9&#8243; header_font=&#8221;||||||||&#8221; header_2_font=&#8221;|700|||||||&#8221; header_2_text_color=&#8221;#7272ff&#8221; header_2_font_size=&#8221;36px&#8221; header_2_line_height=&#8221;1.3em&#8221; background_size=&#8221;initial&#8221; background_position=&#8221;top_left&#8221; background_repeat=&#8221;repeat&#8221; custom_margin=&#8221;||20px|&#8221; animation_direction=&#8221;bottom&#8221; inline_fonts=&#8221;Nunito&#8221; header_font_size__hover=&#8221;30px&#8221; header_font_size__hover_enabled=&#8221;30px&#8221; header_letter_spacing__hover=&#8221;0px&#8221; header_letter_spacing__hover_enabled=&#8221;0px&#8221; header_text_shadow_style__hover=&#8221;none&#8221; header_text_shadow_style__hover_enabled=&#8221;none&#8221; header_text_shadow_color__hover=&#8221;rgba(0,0,0,0.4)&#8221; header_text_shadow_color__hover_enabled=&#8221;rgba(0,0,0,0.4)&#8221;]<\/p>\n<h2><span style=\"font-size: x-large; color: #416ac0;\"><strong><span style=\"font-family: Nunito;\">Gostaria de estar envolvido?<\/span><\/strong><\/span><\/h2>\n<p>[\/et_pb_text][\/et_pb_column][et_pb_column type=&#8221;1_4&#8243; _builder_version=&#8221;3.27.3&#8243;][et_pb_button button_url=&#8221;@ET-DC@eyJkeW5hbWljIjp0cnVlLCJjb250ZW50IjoicG9zdF9saW5rX3VybF9wYWdlIiwic2V0dGluZ3MiOnsicG9zdF9pZCI6IjExMSJ9fQ==@&#8221; button_text=&#8221;Contacte-nos&#8221; button_alignment=&#8221;left&#8221; _builder_version=&#8221;4.0.9&#8243; _dynamic_attributes=&#8221;button_url&#8221; custom_button=&#8221;on&#8221; button_text_size=&#8221;14px&#8221; button_text_color=&#8221;#ffffff&#8221; button_bg_color=&#8221;#15253f&#8221; button_border_width=&#8221;10px&#8221; button_border_color=&#8221;#15253F&#8221; button_border_radius=&#8221;100px&#8221; button_letter_spacing=&#8221;1px&#8221; button_font=&#8221;Nunito|700||on|||||&#8221; button_icon=&#8221;%%36%%&#8221; button_on_hover=&#8221;off&#8221; custom_margin=&#8221;|||&#8221; animation_style=&#8221;zoom&#8221; animation_intensity_zoom=&#8221;6%&#8221; box_shadow_style=&#8221;preset1&#8243; box_shadow_vertical=&#8221;10px&#8221; box_shadow_blur=&#8221;50px&#8221; box_shadow_spread=&#8221;5px&#8221; box_shadow_color=&#8221;rgba(181,181,255,0.38)&#8221; button_letter_spacing_hover=&#8221;2px&#8221; locked=&#8221;off&#8221; button_text_size__hover_enabled=&#8221;off&#8221; button_one_text_size__hover_enabled=&#8221;off&#8221; button_two_text_size__hover_enabled=&#8221;off&#8221; button_text_color__hover_enabled=&#8221;off&#8221; button_one_text_color__hover_enabled=&#8221;off&#8221; button_two_text_color__hover_enabled=&#8221;off&#8221; button_border_width__hover_enabled=&#8221;off&#8221; button_one_border_width__hover_enabled=&#8221;off&#8221; button_two_border_width__hover_enabled=&#8221;off&#8221; button_border_color__hover_enabled=&#8221;off&#8221; button_one_border_color__hover_enabled=&#8221;off&#8221; button_two_border_color__hover_enabled=&#8221;off&#8221; button_border_radius__hover_enabled=&#8221;off&#8221; button_one_border_radius__hover_enabled=&#8221;off&#8221; button_two_border_radius__hover_enabled=&#8221;off&#8221; button_letter_spacing__hover_enabled=&#8221;on|desktop&#8221; button_letter_spacing__hover=&#8221;2px&#8221; button_one_letter_spacing__hover_enabled=&#8221;off&#8221; button_two_letter_spacing__hover_enabled=&#8221;off&#8221; button_bg_color__hover_enabled=&#8221;off&#8221; button_one_bg_color__hover_enabled=&#8221;off&#8221; button_two_bg_color__hover_enabled=&#8221;off&#8221;][\/et_pb_button][\/et_pb_column][\/et_pb_row][\/et_pb_section]<\/p>\n","protected":false},"excerpt":{"rendered":"<p>ParceirosGrimm Sisters \u00e9 uma associa\u00e7\u00e3o cultural italiana que tem como objetivo promover a arte em todas as suas formas. Concentra-se em particular na cria\u00e7\u00e3o art\u00edstica, no ensino e na educa\u00e7\u00e3o atrav\u00e9s da arte. Site: https:\/\/grimmtwins.weebly.com\/Les Apprimeurs \u00e9 uma ag\u00eancia digital francesa especializada na cria\u00e7\u00e3o de livros electr\u00f3nicos e plataformas educativas e acess\u00edveis para os sectores [&hellip;]<\/p>\n","protected":false},"author":1,"featured_media":0,"parent":0,"menu_order":0,"comment_status":"closed","ping_status":"closed","template":"","meta":{"_acf_changed":false,"_et_pb_use_builder":"on","_et_pb_old_content":"","_et_gb_content_width":"","inline_featured_image":false,"footnotes":""},"class_list":["post-1260","page","type-page","status-publish","hentry"],"acf":[],"yoast_head":"<!-- This site is optimized with the Yoast SEO plugin v27.3 - https:\/\/yoast.com\/product\/yoast-seo-wordpress\/ -->\n<title>Parceiros - Seeds Of Tellers<\/title>\n<meta name=\"robots\" content=\"index, follow, max-snippet:-1, max-image-preview:large, max-video-preview:-1\" \/>\n<link rel=\"canonical\" href=\"https:\/\/seedsoftellers.eu\/pt-pt\/parceiros\/\" \/>\n<meta property=\"og:locale\" content=\"pt_PT\" \/>\n<meta property=\"og:type\" content=\"article\" \/>\n<meta property=\"og:title\" content=\"Parceiros - Seeds Of Tellers\" \/>\n<meta property=\"og:description\" content=\"ParceirosGrimm Sisters \u00e9 uma associa\u00e7\u00e3o cultural italiana que tem como objetivo promover a arte em todas as suas formas. Concentra-se em particular na cria\u00e7\u00e3o art\u00edstica, no ensino e na educa\u00e7\u00e3o atrav\u00e9s da arte. Site: https:\/\/grimmtwins.weebly.com\/Les Apprimeurs \u00e9 uma ag\u00eancia digital francesa especializada na cria\u00e7\u00e3o de livros electr\u00f3nicos e plataformas educativas e acess\u00edveis para os sectores [&hellip;]\" \/>\n<meta property=\"og:url\" content=\"https:\/\/seedsoftellers.eu\/pt-pt\/parceiros\/\" \/>\n<meta property=\"og:site_name\" content=\"Seeds Of Tellers\" \/>\n<meta property=\"article:publisher\" content=\"https:\/\/www.facebook.com\/seedsoftellers.eu\/\" \/>\n<meta property=\"article:modified_time\" content=\"2020-03-23T11:24:56+00:00\" \/>\n<meta name=\"twitter:card\" content=\"summary_large_image\" \/>\n<script type=\"application\/ld+json\" class=\"yoast-schema-graph\">{\"@context\":\"https:\\\/\\\/schema.org\",\"@graph\":[{\"@type\":\"WebPage\",\"@id\":\"https:\\\/\\\/seedsoftellers.eu\\\/pt-pt\\\/parceiros\\\/\",\"url\":\"https:\\\/\\\/seedsoftellers.eu\\\/pt-pt\\\/parceiros\\\/\",\"name\":\"Parceiros - Seeds Of Tellers\",\"isPartOf\":{\"@id\":\"https:\\\/\\\/seedsoftellers.eu\\\/pt-pt\\\/#website\"},\"datePublished\":\"2020-03-03T13:54:07+00:00\",\"dateModified\":\"2020-03-23T11:24:56+00:00\",\"breadcrumb\":{\"@id\":\"https:\\\/\\\/seedsoftellers.eu\\\/pt-pt\\\/parceiros\\\/#breadcrumb\"},\"inLanguage\":\"pt-PT\",\"potentialAction\":[{\"@type\":\"ReadAction\",\"target\":[\"https:\\\/\\\/seedsoftellers.eu\\\/pt-pt\\\/parceiros\\\/\"]}]},{\"@type\":\"BreadcrumbList\",\"@id\":\"https:\\\/\\\/seedsoftellers.eu\\\/pt-pt\\\/parceiros\\\/#breadcrumb\",\"itemListElement\":[{\"@type\":\"ListItem\",\"position\":1,\"name\":\"Home\",\"item\":\"https:\\\/\\\/seedsoftellers.eu\\\/pt-pt\\\/\"},{\"@type\":\"ListItem\",\"position\":2,\"name\":\"Parceiros\"}]},{\"@type\":\"WebSite\",\"@id\":\"https:\\\/\\\/seedsoftellers.eu\\\/pt-pt\\\/#website\",\"url\":\"https:\\\/\\\/seedsoftellers.eu\\\/pt-pt\\\/\",\"name\":\"Seeds Of Tellers\",\"description\":\"Storytelling for a better oracy\",\"publisher\":{\"@id\":\"https:\\\/\\\/seedsoftellers.eu\\\/pt-pt\\\/#organization\"},\"potentialAction\":[{\"@type\":\"SearchAction\",\"target\":{\"@type\":\"EntryPoint\",\"urlTemplate\":\"https:\\\/\\\/seedsoftellers.eu\\\/pt-pt\\\/?s={search_term_string}\"},\"query-input\":{\"@type\":\"PropertyValueSpecification\",\"valueRequired\":true,\"valueName\":\"search_term_string\"}}],\"inLanguage\":\"pt-PT\"},{\"@type\":\"Organization\",\"@id\":\"https:\\\/\\\/seedsoftellers.eu\\\/pt-pt\\\/#organization\",\"name\":\"Seeds of Tellers\",\"url\":\"https:\\\/\\\/seedsoftellers.eu\\\/pt-pt\\\/\",\"logo\":{\"@type\":\"ImageObject\",\"inLanguage\":\"pt-PT\",\"@id\":\"https:\\\/\\\/seedsoftellers.eu\\\/pt-pt\\\/#\\\/schema\\\/logo\\\/image\\\/\",\"url\":\"https:\\\/\\\/seedsoftellers.eu\\\/wp-content\\\/uploads\\\/2020\\\/03\\\/logo_seedsoftellers-1.png\",\"contentUrl\":\"https:\\\/\\\/seedsoftellers.eu\\\/wp-content\\\/uploads\\\/2020\\\/03\\\/logo_seedsoftellers-1.png\",\"width\":1400,\"height\":584,\"caption\":\"Seeds of Tellers\"},\"image\":{\"@id\":\"https:\\\/\\\/seedsoftellers.eu\\\/pt-pt\\\/#\\\/schema\\\/logo\\\/image\\\/\"},\"sameAs\":[\"https:\\\/\\\/www.facebook.com\\\/seedsoftellers.eu\\\/\"]}]}<\/script>\n<!-- \/ Yoast SEO plugin. -->","yoast_head_json":{"title":"Parceiros - Seeds Of Tellers","robots":{"index":"index","follow":"follow","max-snippet":"max-snippet:-1","max-image-preview":"max-image-preview:large","max-video-preview":"max-video-preview:-1"},"canonical":"https:\/\/seedsoftellers.eu\/pt-pt\/parceiros\/","og_locale":"pt_PT","og_type":"article","og_title":"Parceiros - Seeds Of Tellers","og_description":"ParceirosGrimm Sisters \u00e9 uma associa\u00e7\u00e3o cultural italiana que tem como objetivo promover a arte em todas as suas formas. Concentra-se em particular na cria\u00e7\u00e3o art\u00edstica, no ensino e na educa\u00e7\u00e3o atrav\u00e9s da arte. Site: https:\/\/grimmtwins.weebly.com\/Les Apprimeurs \u00e9 uma ag\u00eancia digital francesa especializada na cria\u00e7\u00e3o de livros electr\u00f3nicos e plataformas educativas e acess\u00edveis para os sectores [&hellip;]","og_url":"https:\/\/seedsoftellers.eu\/pt-pt\/parceiros\/","og_site_name":"Seeds Of Tellers","article_publisher":"https:\/\/www.facebook.com\/seedsoftellers.eu\/","article_modified_time":"2020-03-23T11:24:56+00:00","twitter_card":"summary_large_image","schema":{"@context":"https:\/\/schema.org","@graph":[{"@type":"WebPage","@id":"https:\/\/seedsoftellers.eu\/pt-pt\/parceiros\/","url":"https:\/\/seedsoftellers.eu\/pt-pt\/parceiros\/","name":"Parceiros - Seeds Of Tellers","isPartOf":{"@id":"https:\/\/seedsoftellers.eu\/pt-pt\/#website"},"datePublished":"2020-03-03T13:54:07+00:00","dateModified":"2020-03-23T11:24:56+00:00","breadcrumb":{"@id":"https:\/\/seedsoftellers.eu\/pt-pt\/parceiros\/#breadcrumb"},"inLanguage":"pt-PT","potentialAction":[{"@type":"ReadAction","target":["https:\/\/seedsoftellers.eu\/pt-pt\/parceiros\/"]}]},{"@type":"BreadcrumbList","@id":"https:\/\/seedsoftellers.eu\/pt-pt\/parceiros\/#breadcrumb","itemListElement":[{"@type":"ListItem","position":1,"name":"Home","item":"https:\/\/seedsoftellers.eu\/pt-pt\/"},{"@type":"ListItem","position":2,"name":"Parceiros"}]},{"@type":"WebSite","@id":"https:\/\/seedsoftellers.eu\/pt-pt\/#website","url":"https:\/\/seedsoftellers.eu\/pt-pt\/","name":"Seeds Of Tellers","description":"Storytelling for a better oracy","publisher":{"@id":"https:\/\/seedsoftellers.eu\/pt-pt\/#organization"},"potentialAction":[{"@type":"SearchAction","target":{"@type":"EntryPoint","urlTemplate":"https:\/\/seedsoftellers.eu\/pt-pt\/?s={search_term_string}"},"query-input":{"@type":"PropertyValueSpecification","valueRequired":true,"valueName":"search_term_string"}}],"inLanguage":"pt-PT"},{"@type":"Organization","@id":"https:\/\/seedsoftellers.eu\/pt-pt\/#organization","name":"Seeds of Tellers","url":"https:\/\/seedsoftellers.eu\/pt-pt\/","logo":{"@type":"ImageObject","inLanguage":"pt-PT","@id":"https:\/\/seedsoftellers.eu\/pt-pt\/#\/schema\/logo\/image\/","url":"https:\/\/seedsoftellers.eu\/wp-content\/uploads\/2020\/03\/logo_seedsoftellers-1.png","contentUrl":"https:\/\/seedsoftellers.eu\/wp-content\/uploads\/2020\/03\/logo_seedsoftellers-1.png","width":1400,"height":584,"caption":"Seeds of Tellers"},"image":{"@id":"https:\/\/seedsoftellers.eu\/pt-pt\/#\/schema\/logo\/image\/"},"sameAs":["https:\/\/www.facebook.com\/seedsoftellers.eu\/"]}]}},"_links":{"self":[{"href":"https:\/\/seedsoftellers.eu\/pt-pt\/wp-json\/wp\/v2\/pages\/1260","targetHints":{"allow":["GET"]}}],"collection":[{"href":"https:\/\/seedsoftellers.eu\/pt-pt\/wp-json\/wp\/v2\/pages"}],"about":[{"href":"https:\/\/seedsoftellers.eu\/pt-pt\/wp-json\/wp\/v2\/types\/page"}],"author":[{"embeddable":true,"href":"https:\/\/seedsoftellers.eu\/pt-pt\/wp-json\/wp\/v2\/users\/1"}],"replies":[{"embeddable":true,"href":"https:\/\/seedsoftellers.eu\/pt-pt\/wp-json\/wp\/v2\/comments?post=1260"}],"version-history":[{"count":3,"href":"https:\/\/seedsoftellers.eu\/pt-pt\/wp-json\/wp\/v2\/pages\/1260\/revisions"}],"predecessor-version":[{"id":1858,"href":"https:\/\/seedsoftellers.eu\/pt-pt\/wp-json\/wp\/v2\/pages\/1260\/revisions\/1858"}],"wp:attachment":[{"href":"https:\/\/seedsoftellers.eu\/pt-pt\/wp-json\/wp\/v2\/media?parent=1260"}],"curies":[{"name":"wp","href":"https:\/\/api.w.org\/{rel}","templated":true}]}}