{"id":1336,"date":"2020-03-03T16:49:23","date_gmt":"2020-03-03T15:49:23","guid":{"rendered":"https:\/\/seedsoftellers.eu\/impressum\/"},"modified":"2021-01-26T16:45:02","modified_gmt":"2021-01-26T15:45:02","slug":"impressum","status":"publish","type":"page","link":"https:\/\/seedsoftellers.eu\/it\/impressum\/","title":{"rendered":"Note legali"},"content":{"rendered":"<p>[et_pb_section fb_built=&#8221;1&#8243; _builder_version=&#8221;4.0.9&#8243;][et_pb_row column_structure=&#8221;2_3,1_3&#8243; _builder_version=&#8221;4.0.9&#8243;][et_pb_column type=&#8221;2_3&#8243; _builder_version=&#8221;4.0.9&#8243;][et_pb_text _builder_version=&#8221;4.0.9&#8243; text_font=&#8221;||||||||&#8221; header_font=&#8221;Nunito|700|||||||&#8221; header_font_size=&#8221;20px&#8221; header_line_height=&#8221;1.5em&#8221; header_text_color=&#8221;#416ac0&#8243; hover_enabled=&#8221;0&#8243;]<\/p>\n<h1>Pubblicazione del sito web<\/h1>\n<p>Il sito web <a href=\"http:\/\/www.seedsoftellers.eu\">www.seedsoftellers.eu<\/a> (hereinafter \u201cthe Website\u201d)(di seguito denominato &#8220;il sito web&#8221;) \u00e8 pubblicato da D\u2019Une\u00a0Parole \u00e0\u00a0l\u2019Autre &#8211; 10 avenue du Mar\u00e9chal Leclerc &#8211; 92240 MALAKOFF (Numero di registrazione ufficiale : 47791383400016)<\/p>\n<p>SEEDS OF TELLERS (2018-1-FR01-KA201-048145)\u00e8 un progetto Erasmus+ KA201 per lo Sviluppo di Innovazione creato da numerosi partner Europei. Il progetto \u00e8 stato finanziato con il supporto della Commissione Europea. Questa pubblicazione \u00e8 di esclusiva responsabilit\u00e0 dell&#8217;autore e la Commissione non \u00e8 responsabile delle informazioni qui contenute. <\/p>\n<p>D\u2019une parole \u00e0 l\u2019autre \u00e8 responsabile della pubblicazione.<\/p>\n<h1>Creazione del contenuto nel sito web <\/h1>\n<p>Direttore della pubblicazione e gestore dei contenuti del sito web :<br \/> Nicolas N\u00e9d\u00e9lec \u2013 D\u2019une Parole \u00e0 l\u2019Autre<\/p>\n<p>Progettazione e sviluppo della piattaforma :<br \/> Les Apprimeurs<\/p>\n<h1>Web host<\/h1>\n<p>TIl sito Web \u00e8 ospitato da  1&amp;1 Internet SARL<br \/> L&#8217;indirizzo: 7, place de la Gare, 57200 Sarreguemines Cedex<br \/> SIREN: RCS Sarreguemines B 431 303 775<\/p>\n<h1>Raccolta dei dati <\/h1>\n<p>Le informazioni raccolte sul sito web vengono utilizzate principalmente dall&#8217;editore per gestire i rapporti con l&#8217;utente del sito web e possono essere utilizzate per inviare informazioni sui nuovi contenuti pubblicati nella piattaforma. Le statistiche anonime sull&#8217;uso vengono inviate alle autorit\u00e0 europee. Vengono registrate nell&#8217;account cliente dell&#8217;utente, nonch\u00e9 nei file dell\u2019editore generati dall&#8217;account personale dell&#8217;utente. <\/p>\n<p>In conformit\u00e0 alle disposizioni della legge francese modificata 78-17 del 6 gennaio 1978 sulla protezione dei dati personali, vi informiamo che l&#8217;Editore tratter\u00e0 automaticamente i vostri dati personali, in particolare quando siete collegati al Sito o nel caso di moduli online da voi compilati. L&#8217;utente pu\u00f2 esercitare il diritto di accedere, consultare, modificare e cancellare le informazioni che lo riguardano in qualsiasi momento contattando l&#8217;Editore, sia attraverso il Sito Web nella sezione &#8220;Contatti&#8221; sia via e-mail all&#8217;indirizzo contact@seedsoftellers.eu .<\/p>\n<p>Le informazioni raccolte possono essere trasmesse a terzi contrattuati dall&#8217;editore per svolgere attivit\u00e0 delegate necessarie per l&#8217;amministrazione dell\u2019account dell\u2019utente. L\u2019utente pu\u00f2 opporsi a questo trasferimento di informazioni esprimendo il suo disaccordo attraverso i canali di contatto di cui sopra. In caso di violazione delle disposizioni legali o di legge, queste informazioni possono essere trasmesse alle autorit\u00e0 legali in caso di richiesta esplicita e giustificata. Se alcuni dati sono necessari per poter accedere ad alcune funzionalit\u00e0 del sito, l&#8217;Editore ne indicher\u00e0 la natura obbligatoria nella fase di inserimento delle informazioni.<\/p>\n<h1>Cookies<\/h1>\n<p>Il sito web pu\u00f2 raccogliere automaticamente informazioni standard, come dati personalizzati che consentono al sito web di identificare i suoi visitatori. Tutte le informazioni raccolte indirettamente verranno utilizzate solo per tracciare il volume, il tipo e la configurazione del traffico verso il sito web, al fine di migliorare la progettazione e il layout, per altri scopi amministrativi e di pianificazione e, pi\u00f9 in generale, per migliorare il servizio offerto. L\u2019utente pu\u00f2 rifiutare l&#8217;uso dei cookie sul suo dispositivo.<\/p>\n<h1>Diritti di propriet\u00e0 intellettuale<\/h1>\n<p>Tutti i contenuti sono distribuiti sotto Licenza Creative Commons: Attribution &#8211; NonCommercial &#8211; ShareAlike 4.0 International CC BY-NC-SA 4.0.<\/p>\n<p>A meno che non sia diversamente specificato, l\u2019utente \u00e8 libero di :<br \/>\n<br \/>\nCondividere: copiare e ridistribuire il materiale in qualsiasi supporto o formato<br \/>\n<br \/>\nAdattare &#8211; remixare, trasformare il materiale e basarsi su di esso per le sue opere<br \/>\n<br \/>\nIl licenziante non pu\u00f2 revocare questi diritti fintanto che l\u2019utente segue i termini della licenza. <\/p>\n<p>In base ai seguenti termini:<br \/> Attribuzione: \u00e8 necessario fornire una menzione di paternit\u00e0 adeguata, fornire un collegamento (link) alla licenza e indicare se sono state effettuate delle modifiche. L\u2019utente pu\u00f2 farlo in qualsiasi modo ragionevole, ma non in modo tale da suggerire che il licenziante approvi l&#8217;utente o il suo utilizzo. <br \/> Non commerciale &#8211; Non \u00e8 possibile utilizzare il materiale per scopi commerciali. <br \/> Condividi allo stesso modo \u2013 Se il materiale viene remixato, trasformato o si basa su di esso, l\u2019utente deve distribuire i suoi contributi con la stessa licenza del materiale originale. <\/p>\n<h1>Collegamenti ipertestuali <\/h1>\n<p>Il sito web pu\u00f2 contenere collegamenti ipertestuali che portano ad altri siti web, pubblicati e gestiti da terze parti, non dall&#8217;editore. L&#8217;editore non pu\u00f2 essere ritenuto direttamente o indirettamente responsabile qualora questi siti web di terzi non rispettino le disposizioni di legge. I collegamenti ipertestuali al sito web richiedono l&#8217;autorizzazione scritta preventiva dell&#8217;editore. <\/p>\n<p>[\/et_pb_text][\/et_pb_column][et_pb_column type=&#8221;1_3&#8243; _builder_version=&#8221;4.0.9&#8243;][\/et_pb_column][\/et_pb_row][\/et_pb_section]<\/p>\n","protected":false},"excerpt":{"rendered":"<p>Pubblicazione del sito web Il sito web www.seedsoftellers.eu (hereinafter \u201cthe Website\u201d)(di seguito denominato &#8220;il sito web&#8221;) \u00e8 pubblicato da D\u2019Une\u00a0Parole \u00e0\u00a0l\u2019Autre &#8211; 10 avenue du Mar\u00e9chal Leclerc &#8211; 92240 MALAKOFF (Numero di registrazione ufficiale : 47791383400016) SEEDS OF TELLERS (2018-1-FR01-KA201-048145)\u00e8 un progetto Erasmus+ KA201 per lo Sviluppo di Innovazione creato da numerosi partner Europei. Il [&hellip;]<\/p>\n","protected":false},"author":1,"featured_media":0,"parent":0,"menu_order":0,"comment_status":"closed","ping_status":"closed","template":"","meta":{"_acf_changed":false,"_et_pb_use_builder":"on","_et_pb_old_content":"","_et_gb_content_width":"","inline_featured_image":false,"footnotes":""},"class_list":["post-1336","page","type-page","status-publish","hentry"],"acf":[],"yoast_head":"<!-- This site is optimized with the Yoast SEO plugin v27.3 - https:\/\/yoast.com\/product\/yoast-seo-wordpress\/ -->\n<title>Note legali - Seeds Of Tellers<\/title>\n<meta name=\"robots\" content=\"index, follow, max-snippet:-1, max-image-preview:large, max-video-preview:-1\" \/>\n<link rel=\"canonical\" href=\"https:\/\/seedsoftellers.eu\/it\/impressum\/\" \/>\n<meta property=\"og:locale\" content=\"it_IT\" \/>\n<meta property=\"og:type\" content=\"article\" \/>\n<meta property=\"og:title\" content=\"Note legali - Seeds Of Tellers\" \/>\n<meta property=\"og:description\" content=\"Pubblicazione del sito web Il sito web www.seedsoftellers.eu (hereinafter \u201cthe Website\u201d)(di seguito denominato &quot;il sito web&quot;) \u00e8 pubblicato da D\u2019Une\u00a0Parole \u00e0\u00a0l\u2019Autre - 10 avenue du Mar\u00e9chal Leclerc - 92240 MALAKOFF (Numero di registrazione ufficiale : 47791383400016) SEEDS OF TELLERS (2018-1-FR01-KA201-048145)\u00e8 un progetto Erasmus+ KA201 per lo Sviluppo di Innovazione creato da numerosi partner Europei. Il [&hellip;]\" \/>\n<meta property=\"og:url\" content=\"https:\/\/seedsoftellers.eu\/it\/impressum\/\" \/>\n<meta property=\"og:site_name\" content=\"Seeds Of Tellers\" \/>\n<meta property=\"article:publisher\" content=\"https:\/\/www.facebook.com\/seedsoftellers.eu\/\" \/>\n<meta property=\"article:modified_time\" content=\"2021-01-26T15:45:02+00:00\" \/>\n<meta name=\"twitter:card\" content=\"summary_large_image\" \/>\n<script type=\"application\/ld+json\" class=\"yoast-schema-graph\">{\"@context\":\"https:\\\/\\\/schema.org\",\"@graph\":[{\"@type\":\"WebPage\",\"@id\":\"https:\\\/\\\/seedsoftellers.eu\\\/it\\\/impressum\\\/\",\"url\":\"https:\\\/\\\/seedsoftellers.eu\\\/it\\\/impressum\\\/\",\"name\":\"Note legali - Seeds Of Tellers\",\"isPartOf\":{\"@id\":\"https:\\\/\\\/seedsoftellers.eu\\\/it\\\/#website\"},\"datePublished\":\"2020-03-03T15:49:23+00:00\",\"dateModified\":\"2021-01-26T15:45:02+00:00\",\"breadcrumb\":{\"@id\":\"https:\\\/\\\/seedsoftellers.eu\\\/it\\\/impressum\\\/#breadcrumb\"},\"inLanguage\":\"it-IT\",\"potentialAction\":[{\"@type\":\"ReadAction\",\"target\":[\"https:\\\/\\\/seedsoftellers.eu\\\/it\\\/impressum\\\/\"]}]},{\"@type\":\"BreadcrumbList\",\"@id\":\"https:\\\/\\\/seedsoftellers.eu\\\/it\\\/impressum\\\/#breadcrumb\",\"itemListElement\":[{\"@type\":\"ListItem\",\"position\":1,\"name\":\"Home\",\"item\":\"https:\\\/\\\/seedsoftellers.eu\\\/it\\\/\"},{\"@type\":\"ListItem\",\"position\":2,\"name\":\"Note legali\"}]},{\"@type\":\"WebSite\",\"@id\":\"https:\\\/\\\/seedsoftellers.eu\\\/it\\\/#website\",\"url\":\"https:\\\/\\\/seedsoftellers.eu\\\/it\\\/\",\"name\":\"Seeds Of Tellers\",\"description\":\"Storytelling for a better oracy\",\"publisher\":{\"@id\":\"https:\\\/\\\/seedsoftellers.eu\\\/it\\\/#organization\"},\"potentialAction\":[{\"@type\":\"SearchAction\",\"target\":{\"@type\":\"EntryPoint\",\"urlTemplate\":\"https:\\\/\\\/seedsoftellers.eu\\\/it\\\/?s={search_term_string}\"},\"query-input\":{\"@type\":\"PropertyValueSpecification\",\"valueRequired\":true,\"valueName\":\"search_term_string\"}}],\"inLanguage\":\"it-IT\"},{\"@type\":\"Organization\",\"@id\":\"https:\\\/\\\/seedsoftellers.eu\\\/it\\\/#organization\",\"name\":\"Seeds of Tellers\",\"url\":\"https:\\\/\\\/seedsoftellers.eu\\\/it\\\/\",\"logo\":{\"@type\":\"ImageObject\",\"inLanguage\":\"it-IT\",\"@id\":\"https:\\\/\\\/seedsoftellers.eu\\\/it\\\/#\\\/schema\\\/logo\\\/image\\\/\",\"url\":\"https:\\\/\\\/seedsoftellers.eu\\\/wp-content\\\/uploads\\\/2020\\\/03\\\/logo_seedsoftellers-1.png\",\"contentUrl\":\"https:\\\/\\\/seedsoftellers.eu\\\/wp-content\\\/uploads\\\/2020\\\/03\\\/logo_seedsoftellers-1.png\",\"width\":1400,\"height\":584,\"caption\":\"Seeds of Tellers\"},\"image\":{\"@id\":\"https:\\\/\\\/seedsoftellers.eu\\\/it\\\/#\\\/schema\\\/logo\\\/image\\\/\"},\"sameAs\":[\"https:\\\/\\\/www.facebook.com\\\/seedsoftellers.eu\\\/\"]}]}<\/script>\n<!-- \/ Yoast SEO plugin. -->","yoast_head_json":{"title":"Note legali - Seeds Of Tellers","robots":{"index":"index","follow":"follow","max-snippet":"max-snippet:-1","max-image-preview":"max-image-preview:large","max-video-preview":"max-video-preview:-1"},"canonical":"https:\/\/seedsoftellers.eu\/it\/impressum\/","og_locale":"it_IT","og_type":"article","og_title":"Note legali - Seeds Of Tellers","og_description":"Pubblicazione del sito web Il sito web www.seedsoftellers.eu (hereinafter \u201cthe Website\u201d)(di seguito denominato \"il sito web\") \u00e8 pubblicato da D\u2019Une\u00a0Parole \u00e0\u00a0l\u2019Autre - 10 avenue du Mar\u00e9chal Leclerc - 92240 MALAKOFF (Numero di registrazione ufficiale : 47791383400016) SEEDS OF TELLERS (2018-1-FR01-KA201-048145)\u00e8 un progetto Erasmus+ KA201 per lo Sviluppo di Innovazione creato da numerosi partner Europei. Il [&hellip;]","og_url":"https:\/\/seedsoftellers.eu\/it\/impressum\/","og_site_name":"Seeds Of Tellers","article_publisher":"https:\/\/www.facebook.com\/seedsoftellers.eu\/","article_modified_time":"2021-01-26T15:45:02+00:00","twitter_card":"summary_large_image","schema":{"@context":"https:\/\/schema.org","@graph":[{"@type":"WebPage","@id":"https:\/\/seedsoftellers.eu\/it\/impressum\/","url":"https:\/\/seedsoftellers.eu\/it\/impressum\/","name":"Note legali - Seeds Of Tellers","isPartOf":{"@id":"https:\/\/seedsoftellers.eu\/it\/#website"},"datePublished":"2020-03-03T15:49:23+00:00","dateModified":"2021-01-26T15:45:02+00:00","breadcrumb":{"@id":"https:\/\/seedsoftellers.eu\/it\/impressum\/#breadcrumb"},"inLanguage":"it-IT","potentialAction":[{"@type":"ReadAction","target":["https:\/\/seedsoftellers.eu\/it\/impressum\/"]}]},{"@type":"BreadcrumbList","@id":"https:\/\/seedsoftellers.eu\/it\/impressum\/#breadcrumb","itemListElement":[{"@type":"ListItem","position":1,"name":"Home","item":"https:\/\/seedsoftellers.eu\/it\/"},{"@type":"ListItem","position":2,"name":"Note legali"}]},{"@type":"WebSite","@id":"https:\/\/seedsoftellers.eu\/it\/#website","url":"https:\/\/seedsoftellers.eu\/it\/","name":"Seeds Of Tellers","description":"Storytelling for a better oracy","publisher":{"@id":"https:\/\/seedsoftellers.eu\/it\/#organization"},"potentialAction":[{"@type":"SearchAction","target":{"@type":"EntryPoint","urlTemplate":"https:\/\/seedsoftellers.eu\/it\/?s={search_term_string}"},"query-input":{"@type":"PropertyValueSpecification","valueRequired":true,"valueName":"search_term_string"}}],"inLanguage":"it-IT"},{"@type":"Organization","@id":"https:\/\/seedsoftellers.eu\/it\/#organization","name":"Seeds of Tellers","url":"https:\/\/seedsoftellers.eu\/it\/","logo":{"@type":"ImageObject","inLanguage":"it-IT","@id":"https:\/\/seedsoftellers.eu\/it\/#\/schema\/logo\/image\/","url":"https:\/\/seedsoftellers.eu\/wp-content\/uploads\/2020\/03\/logo_seedsoftellers-1.png","contentUrl":"https:\/\/seedsoftellers.eu\/wp-content\/uploads\/2020\/03\/logo_seedsoftellers-1.png","width":1400,"height":584,"caption":"Seeds of Tellers"},"image":{"@id":"https:\/\/seedsoftellers.eu\/it\/#\/schema\/logo\/image\/"},"sameAs":["https:\/\/www.facebook.com\/seedsoftellers.eu\/"]}]}},"_links":{"self":[{"href":"https:\/\/seedsoftellers.eu\/it\/wp-json\/wp\/v2\/pages\/1336","targetHints":{"allow":["GET"]}}],"collection":[{"href":"https:\/\/seedsoftellers.eu\/it\/wp-json\/wp\/v2\/pages"}],"about":[{"href":"https:\/\/seedsoftellers.eu\/it\/wp-json\/wp\/v2\/types\/page"}],"author":[{"embeddable":true,"href":"https:\/\/seedsoftellers.eu\/it\/wp-json\/wp\/v2\/users\/1"}],"replies":[{"embeddable":true,"href":"https:\/\/seedsoftellers.eu\/it\/wp-json\/wp\/v2\/comments?post=1336"}],"version-history":[{"count":4,"href":"https:\/\/seedsoftellers.eu\/it\/wp-json\/wp\/v2\/pages\/1336\/revisions"}],"predecessor-version":[{"id":8983,"href":"https:\/\/seedsoftellers.eu\/it\/wp-json\/wp\/v2\/pages\/1336\/revisions\/8983"}],"wp:attachment":[{"href":"https:\/\/seedsoftellers.eu\/it\/wp-json\/wp\/v2\/media?parent=1336"}],"curies":[{"name":"wp","href":"https:\/\/api.w.org\/{rel}","templated":true}]}}