{"id":9719,"date":"2021-02-24T15:07:42","date_gmt":"2021-02-24T14:07:42","guid":{"rendered":"https:\/\/seedsoftellers.eu\/international-tales\/"},"modified":"2021-06-14T12:28:58","modified_gmt":"2021-06-14T10:28:58","slug":"international-tales","status":"publish","type":"page","link":"https:\/\/seedsoftellers.eu\/bg\/international-tales\/","title":{"rendered":"International Tales"},"content":{"rendered":"<p>[et_pb_section fb_built=&#8221;1&#8243; admin_label=&#8221;Courses Hero&#8221; _builder_version=&#8221;4.4.2&#8243; background_color=&#8221;#71b7e6&#8243; background_enable_image=&#8221;off&#8221; background_blend=&#8221;overlay&#8221; custom_padding=&#8221;50px|0px|50px|0px|false|false&#8221; animation_direction=&#8221;top&#8221; locked=&#8221;off&#8221;][et_pb_row _builder_version=&#8221;3.25&#8243; background_size=&#8221;initial&#8221; background_position=&#8221;top_left&#8221; background_repeat=&#8221;repeat&#8221; custom_margin=&#8221;|||&#8221; custom_width_px=&#8221;1280px&#8221;][et_pb_column type=&#8221;4_4&#8243; _builder_version=&#8221;3.25&#8243; custom_padding=&#8221;|||&#8221; custom_padding__hover=&#8221;|||&#8221;][et_pb_text _builder_version=&#8221;4.7.2&#8243; text_font=&#8221;||||||||&#8221; header_font=&#8221;Nunito|700|||||||&#8221; header_font_size=&#8221;42px&#8221; background_size=&#8221;initial&#8221; background_position=&#8221;top_left&#8221; background_repeat=&#8221;repeat&#8221; text_orientation=&#8221;center&#8221; background_layout=&#8221;dark&#8221; max_width=&#8221;530px&#8221; module_alignment=&#8221;center&#8221; custom_padding=&#8221;|||&#8221; header_font_size_tablet=&#8221;&#8221; header_font_size_phone=&#8221;&#8221; header_font_size_last_edited=&#8221;on|desktop&#8221; locked=&#8221;off&#8221;]<\/p>\n<h1><span style=\"font-family: inherit;\">International Tales<\/span><\/h1>\n<p>[\/et_pb_text][\/et_pb_column][\/et_pb_row][\/et_pb_section][et_pb_section fb_built=&#8221;1&#8243; module_id=&#8221;catalog&#8221; _builder_version=&#8221;4.7.2&#8243; background_color=&#8221;rgba(113,183,230,0.05)&#8221; custom_padding=&#8221;||90px|||&#8221;][et_pb_row use_custom_gutter=&#8221;on&#8221; gutter_width=&#8221;2&#8243; _builder_version=&#8221;4.9.4&#8243; background_color=&#8221;#ffffff&#8221; z_index=&#8221;10&#8243; custom_margin=&#8221;-80px||0px||false|false&#8221; custom_padding=&#8221;|20px|0px|20px|false|true&#8221; border_color_bottom=&#8221;#ffde17&#8243; locked=&#8221;off&#8221;][et_pb_column type=&#8221;4_4&#8243; _builder_version=&#8221;4.4.2&#8243;][et_pb_text _builder_version=&#8221;4.9.4&#8243; text_font_size=&#8221;22px&#8221; custom_padding=&#8221;0px|20px||20px|false|false&#8221; hover_enabled=&#8221;0&#8243; sticky_enabled=&#8221;0&#8243;]<\/p>\n<p>\u2022 Tales travel all over the world, here are tales in Catalan, Japanese, Lithuanian and Dutch.<\/p>\n<p>\u2022 Les contes voyagent dans le monde entier, voici des contes en catalan, en japonais, en lithuanien et en hollandais.<\/p>\n<p>\u2022 I racconti viaggiano nel mondo intero, ecco dei  racconti in catalano, in giapponese, in lituano e olandese.<\/p>\n<p>\u2022 Os contos viajam por todo o mundo, aqui est\u00e3o contos em catal\u00e3o, japon\u00eas, lituano e holand\u00eas.<\/p>\n<p>\u2022 \u041f\u0440\u0438\u043a\u0430\u0437\u043a\u0438\u0442\u0435 \u043f\u044a\u0442\u0443\u0432\u0430\u0442 \u043f\u043e \u0446\u0435\u043b\u0438\u044f \u0441\u0432\u044f\u0442. \u0422\u0443\u043a \u0438\u043c\u0430 \u043f\u0440\u0438\u043a\u0430\u0437\u043a\u0438 \u043d\u0430 \u043a\u0430\u0442\u0430\u043b\u043e\u043d\u0441\u043a\u0438, \u044f\u043f\u043e\u043d\u0441\u043a\u0438, \u043b\u0438\u0442\u043e\u0432\u0441\u043a\u0438 \u0438 \u0445\u043e\u043b\u0430\u043d\u0434\u0441\u043a\u0438.<\/p>\n<p>[\/et_pb_text][\/et_pb_column][\/et_pb_row][et_pb_row _builder_version=&#8221;4.9.4&#8243; background_color=&#8221;#ffffff&#8221; height=&#8221;2px&#8221; custom_padding=&#8221;0px|0px|0px||false|false&#8221; locked=&#8221;off&#8221;][et_pb_column type=&#8221;4_4&#8243; _builder_version=&#8221;4.4.2&#8243;][et_pb_divider color=&#8221;#ffde17&#8243; divider_weight=&#8221;2px&#8221; _builder_version=&#8221;4.9.4&#8243; background_color=&#8221;#ffffff&#8221; module_alignment=&#8221;center&#8221; min_height=&#8221;2px&#8221; custom_margin=&#8221;||||false|false&#8221; custom_padding=&#8221;|20px||20px|false|true&#8221;][\/et_pb_divider][\/et_pb_column][\/et_pb_row][et_pb_row column_structure=&#8221;1_5,1_5,1_5,1_5,1_5&#8243; use_custom_gutter=&#8221;on&#8221; gutter_width=&#8221;2&#8243; _builder_version=&#8221;4.9.4&#8243; background_color=&#8221;#ffffff&#8221; z_index=&#8221;10&#8243; custom_margin=&#8221;||||false|false&#8221; custom_padding=&#8221;20px|20px|20px|20px|true|true&#8221; border_color_bottom=&#8221;#ffde17&#8243;][et_pb_column type=&#8221;1_5&#8243; _builder_version=&#8221;4.4.2&#8243;][et_pb_text admin_label=&#8221;Text&#8221; _builder_version=&#8221;4.7.2&#8243;]<\/p>\n<div class=\"facetwp-facet facetwp-facet-tale_language facetwp-type-fselect\" data-name=\"tale_language\" data-type=\"fselect\"><\/div>\n<p>[\/et_pb_text][\/et_pb_column][et_pb_column type=&#8221;1_5&#8243; _builder_version=&#8221;4.4.2&#8243;][et_pb_text admin_label=&#8221;Text&#8221; _builder_version=&#8221;4.7.2&#8243;]<\/p>\n<div class=\"facetwp-facet facetwp-facet-tale_format_international facetwp-type-fselect\" data-name=\"tale_format_international\" data-type=\"fselect\"><\/div>\n<p>[\/et_pb_text][\/et_pb_column][et_pb_column type=&#8221;1_5&#8243; _builder_version=&#8221;4.4.2&#8243;][et_pb_text _builder_version=&#8221;4.4.2&#8243;]<\/p>\n<div class=\"facetwp-facet facetwp-facet-tale_difficulty facetwp-type-fselect\" data-name=\"tale_difficulty\" data-type=\"fselect\"><\/div>\n<p>[\/et_pb_text][\/et_pb_column][et_pb_column type=&#8221;1_5&#8243; _builder_version=&#8221;4.4.2&#8243;][et_pb_text _builder_version=&#8221;4.7.2&#8243;]<\/p>\n<div class=\"facetwp-facet facetwp-facet-tale_genre facetwp-type-fselect\" data-name=\"tale_genre\" data-type=\"fselect\"><\/div>\n<p>[\/et_pb_text][\/et_pb_column][et_pb_column type=&#8221;1_5&#8243; _builder_version=&#8221;4.4.2&#8243;][et_pb_text _builder_version=&#8221;4.7.2&#8243;]<\/p>\n<div class=\"facetwp-facet facetwp-facet-tale_theme facetwp-type-fselect\" data-name=\"tale_theme\" data-type=\"fselect\"><\/div>\n<p>[\/et_pb_text][\/et_pb_column][\/et_pb_row][et_pb_row _builder_version=&#8221;4.4.2&#8243; background_color=&#8221;#ffffff&#8221; custom_padding=&#8221;10px|0px|10px||false|false&#8221;][et_pb_column type=&#8221;4_4&#8243; _builder_version=&#8221;4.4.2&#8243;][et_pb_divider color=&#8221;#ffde17&#8243; divider_weight=&#8221;2px&#8221; _builder_version=&#8221;4.7.2&#8243; background_color=&#8221;#ffffff&#8221; module_alignment=&#8221;center&#8221; min_height=&#8221;2px&#8221; custom_padding=&#8221;|20px||20px|false|true&#8221;][\/et_pb_divider][\/et_pb_column][\/et_pb_row][et_pb_row custom_padding_last_edited=&#8221;off|desktop&#8221; _builder_version=&#8221;4.6.5&#8243; background_color=&#8221;#ffffff&#8221; custom_margin=&#8221;auto||||false|false&#8221; custom_padding=&#8221;0px|20px|50px|20px|false|true&#8221; locked=&#8221;off&#8221;][et_pb_column type=&#8221;4_4&#8243; _builder_version=&#8221;4.4.2&#8243; custom_padding=&#8221;|0px|||false|false&#8221;][et_pb_text _builder_version=&#8221;4.7.2&#8243; custom_padding=&#8221;||||false|false&#8221;]<\/p>\n<div class=\"facetwp-template\" data-name=\"international_tales\"><div class=\"fwpl-layout el-oeegbr\"><\/div>\n<style>\n.fwpl-layout {\n    display: grid;\n    grid-template-columns: 1fr 1fr 1fr;\n    grid-gap: 25px;\n}\n.fwpl-result {\n    border-style: solid;\n    border-color: #5da2e5;\n    border-width: 2px;\n    padding: 10px;\n    color: #15253f;\n}\n\n@media (max-width: 480px) {\n    .fwpl-layout {\n        grid-template-columns: 1fr;\n    }\n}\n<\/style>\n<\/div>\n<p>[\/et_pb_text][et_pb_code _builder_version=&#8221;4.7.2&#8243; text_orientation=&#8221;center&#8221;]<div class=\"facetwp-pager\"><\/div>[\/et_pb_code][\/et_pb_column][\/et_pb_row][\/et_pb_section]<\/p>\n","protected":false},"excerpt":{"rendered":"<p>International Tales\u2022 Tales travel all over the world, here are tales in Catalan, Japanese, Lithuanian and Dutch. \u2022 Les contes voyagent dans le monde entier, voici des contes en catalan, en japonais, en lithuanien et en hollandais. \u2022 I racconti viaggiano nel mondo intero, ecco dei racconti in catalano, in giapponese, in lituano e olandese. [&hellip;]<\/p>\n","protected":false},"author":2,"featured_media":0,"parent":0,"menu_order":0,"comment_status":"closed","ping_status":"closed","template":"","meta":{"_acf_changed":false,"_et_pb_use_builder":"on","_et_pb_old_content":"","_et_gb_content_width":"","inline_featured_image":false,"footnotes":""},"class_list":["post-9719","page","type-page","status-publish","hentry"],"acf":[],"yoast_head":"<!-- This site is optimized with the Yoast SEO plugin v27.3 - https:\/\/yoast.com\/product\/yoast-seo-wordpress\/ -->\n<title>International Tales - Seeds Of Tellers<\/title>\n<meta name=\"robots\" content=\"index, follow, max-snippet:-1, max-image-preview:large, max-video-preview:-1\" \/>\n<link rel=\"canonical\" href=\"https:\/\/seedsoftellers.eu\/bg\/international-tales\/\" \/>\n<meta property=\"og:locale\" content=\"bg_BG\" \/>\n<meta property=\"og:type\" content=\"article\" \/>\n<meta property=\"og:title\" content=\"International Tales - Seeds Of Tellers\" \/>\n<meta property=\"og:description\" content=\"International Tales\u2022 Tales travel all over the world, here are tales in Catalan, Japanese, Lithuanian and Dutch. \u2022 Les contes voyagent dans le monde entier, voici des contes en catalan, en japonais, en lithuanien et en hollandais. \u2022 I racconti viaggiano nel mondo intero, ecco dei racconti in catalano, in giapponese, in lituano e olandese. [&hellip;]\" \/>\n<meta property=\"og:url\" content=\"https:\/\/seedsoftellers.eu\/bg\/international-tales\/\" \/>\n<meta property=\"og:site_name\" content=\"Seeds Of Tellers\" \/>\n<meta property=\"article:publisher\" content=\"https:\/\/www.facebook.com\/seedsoftellers.eu\/\" \/>\n<meta property=\"article:modified_time\" content=\"2021-06-14T10:28:58+00:00\" \/>\n<meta name=\"twitter:card\" content=\"summary_large_image\" \/>\n<script type=\"application\/ld+json\" class=\"yoast-schema-graph\">{\"@context\":\"https:\\\/\\\/schema.org\",\"@graph\":[{\"@type\":\"WebPage\",\"@id\":\"https:\\\/\\\/seedsoftellers.eu\\\/bg\\\/international-tales\\\/\",\"url\":\"https:\\\/\\\/seedsoftellers.eu\\\/bg\\\/international-tales\\\/\",\"name\":\"International Tales - Seeds Of Tellers\",\"isPartOf\":{\"@id\":\"https:\\\/\\\/seedsoftellers.eu\\\/bg\\\/#website\"},\"datePublished\":\"2021-02-24T14:07:42+00:00\",\"dateModified\":\"2021-06-14T10:28:58+00:00\",\"breadcrumb\":{\"@id\":\"https:\\\/\\\/seedsoftellers.eu\\\/bg\\\/international-tales\\\/#breadcrumb\"},\"inLanguage\":\"bg-BG\",\"potentialAction\":[{\"@type\":\"ReadAction\",\"target\":[\"https:\\\/\\\/seedsoftellers.eu\\\/bg\\\/international-tales\\\/\"]}]},{\"@type\":\"BreadcrumbList\",\"@id\":\"https:\\\/\\\/seedsoftellers.eu\\\/bg\\\/international-tales\\\/#breadcrumb\",\"itemListElement\":[{\"@type\":\"ListItem\",\"position\":1,\"name\":\"Home\",\"item\":\"https:\\\/\\\/seedsoftellers.eu\\\/bg\\\/\"},{\"@type\":\"ListItem\",\"position\":2,\"name\":\"International Tales\"}]},{\"@type\":\"WebSite\",\"@id\":\"https:\\\/\\\/seedsoftellers.eu\\\/bg\\\/#website\",\"url\":\"https:\\\/\\\/seedsoftellers.eu\\\/bg\\\/\",\"name\":\"Seeds Of Tellers\",\"description\":\"Storytelling for a better oracy\",\"publisher\":{\"@id\":\"https:\\\/\\\/seedsoftellers.eu\\\/bg\\\/#organization\"},\"potentialAction\":[{\"@type\":\"SearchAction\",\"target\":{\"@type\":\"EntryPoint\",\"urlTemplate\":\"https:\\\/\\\/seedsoftellers.eu\\\/bg\\\/?s={search_term_string}\"},\"query-input\":{\"@type\":\"PropertyValueSpecification\",\"valueRequired\":true,\"valueName\":\"search_term_string\"}}],\"inLanguage\":\"bg-BG\"},{\"@type\":\"Organization\",\"@id\":\"https:\\\/\\\/seedsoftellers.eu\\\/bg\\\/#organization\",\"name\":\"Seeds of Tellers\",\"url\":\"https:\\\/\\\/seedsoftellers.eu\\\/bg\\\/\",\"logo\":{\"@type\":\"ImageObject\",\"inLanguage\":\"bg-BG\",\"@id\":\"https:\\\/\\\/seedsoftellers.eu\\\/bg\\\/#\\\/schema\\\/logo\\\/image\\\/\",\"url\":\"https:\\\/\\\/seedsoftellers.eu\\\/wp-content\\\/uploads\\\/2020\\\/03\\\/logo_seedsoftellers-1.png\",\"contentUrl\":\"https:\\\/\\\/seedsoftellers.eu\\\/wp-content\\\/uploads\\\/2020\\\/03\\\/logo_seedsoftellers-1.png\",\"width\":1400,\"height\":584,\"caption\":\"Seeds of Tellers\"},\"image\":{\"@id\":\"https:\\\/\\\/seedsoftellers.eu\\\/bg\\\/#\\\/schema\\\/logo\\\/image\\\/\"},\"sameAs\":[\"https:\\\/\\\/www.facebook.com\\\/seedsoftellers.eu\\\/\"]}]}<\/script>\n<!-- \/ Yoast SEO plugin. -->","yoast_head_json":{"title":"International Tales - Seeds Of Tellers","robots":{"index":"index","follow":"follow","max-snippet":"max-snippet:-1","max-image-preview":"max-image-preview:large","max-video-preview":"max-video-preview:-1"},"canonical":"https:\/\/seedsoftellers.eu\/bg\/international-tales\/","og_locale":"bg_BG","og_type":"article","og_title":"International Tales - Seeds Of Tellers","og_description":"International Tales\u2022 Tales travel all over the world, here are tales in Catalan, Japanese, Lithuanian and Dutch. \u2022 Les contes voyagent dans le monde entier, voici des contes en catalan, en japonais, en lithuanien et en hollandais. \u2022 I racconti viaggiano nel mondo intero, ecco dei racconti in catalano, in giapponese, in lituano e olandese. [&hellip;]","og_url":"https:\/\/seedsoftellers.eu\/bg\/international-tales\/","og_site_name":"Seeds Of Tellers","article_publisher":"https:\/\/www.facebook.com\/seedsoftellers.eu\/","article_modified_time":"2021-06-14T10:28:58+00:00","twitter_card":"summary_large_image","schema":{"@context":"https:\/\/schema.org","@graph":[{"@type":"WebPage","@id":"https:\/\/seedsoftellers.eu\/bg\/international-tales\/","url":"https:\/\/seedsoftellers.eu\/bg\/international-tales\/","name":"International Tales - Seeds Of Tellers","isPartOf":{"@id":"https:\/\/seedsoftellers.eu\/bg\/#website"},"datePublished":"2021-02-24T14:07:42+00:00","dateModified":"2021-06-14T10:28:58+00:00","breadcrumb":{"@id":"https:\/\/seedsoftellers.eu\/bg\/international-tales\/#breadcrumb"},"inLanguage":"bg-BG","potentialAction":[{"@type":"ReadAction","target":["https:\/\/seedsoftellers.eu\/bg\/international-tales\/"]}]},{"@type":"BreadcrumbList","@id":"https:\/\/seedsoftellers.eu\/bg\/international-tales\/#breadcrumb","itemListElement":[{"@type":"ListItem","position":1,"name":"Home","item":"https:\/\/seedsoftellers.eu\/bg\/"},{"@type":"ListItem","position":2,"name":"International Tales"}]},{"@type":"WebSite","@id":"https:\/\/seedsoftellers.eu\/bg\/#website","url":"https:\/\/seedsoftellers.eu\/bg\/","name":"Seeds Of Tellers","description":"Storytelling for a better oracy","publisher":{"@id":"https:\/\/seedsoftellers.eu\/bg\/#organization"},"potentialAction":[{"@type":"SearchAction","target":{"@type":"EntryPoint","urlTemplate":"https:\/\/seedsoftellers.eu\/bg\/?s={search_term_string}"},"query-input":{"@type":"PropertyValueSpecification","valueRequired":true,"valueName":"search_term_string"}}],"inLanguage":"bg-BG"},{"@type":"Organization","@id":"https:\/\/seedsoftellers.eu\/bg\/#organization","name":"Seeds of Tellers","url":"https:\/\/seedsoftellers.eu\/bg\/","logo":{"@type":"ImageObject","inLanguage":"bg-BG","@id":"https:\/\/seedsoftellers.eu\/bg\/#\/schema\/logo\/image\/","url":"https:\/\/seedsoftellers.eu\/wp-content\/uploads\/2020\/03\/logo_seedsoftellers-1.png","contentUrl":"https:\/\/seedsoftellers.eu\/wp-content\/uploads\/2020\/03\/logo_seedsoftellers-1.png","width":1400,"height":584,"caption":"Seeds of Tellers"},"image":{"@id":"https:\/\/seedsoftellers.eu\/bg\/#\/schema\/logo\/image\/"},"sameAs":["https:\/\/www.facebook.com\/seedsoftellers.eu\/"]}]}},"_links":{"self":[{"href":"https:\/\/seedsoftellers.eu\/bg\/wp-json\/wp\/v2\/pages\/9719","targetHints":{"allow":["GET"]}}],"collection":[{"href":"https:\/\/seedsoftellers.eu\/bg\/wp-json\/wp\/v2\/pages"}],"about":[{"href":"https:\/\/seedsoftellers.eu\/bg\/wp-json\/wp\/v2\/types\/page"}],"author":[{"embeddable":true,"href":"https:\/\/seedsoftellers.eu\/bg\/wp-json\/wp\/v2\/users\/2"}],"replies":[{"embeddable":true,"href":"https:\/\/seedsoftellers.eu\/bg\/wp-json\/wp\/v2\/comments?post=9719"}],"version-history":[{"count":4,"href":"https:\/\/seedsoftellers.eu\/bg\/wp-json\/wp\/v2\/pages\/9719\/revisions"}],"predecessor-version":[{"id":11552,"href":"https:\/\/seedsoftellers.eu\/bg\/wp-json\/wp\/v2\/pages\/9719\/revisions\/11552"}],"wp:attachment":[{"href":"https:\/\/seedsoftellers.eu\/bg\/wp-json\/wp\/v2\/media?parent=9719"}],"curies":[{"name":"wp","href":"https:\/\/api.w.org\/{rel}","templated":true}]}}